{"id":538,"date":"2024-09-18T21:25:36","date_gmt":"2024-09-18T21:25:36","guid":{"rendered":"https:\/\/petalsfloristes.com\/funeraris\/"},"modified":"2024-10-07T06:12:40","modified_gmt":"2024-10-07T06:12:40","slug":"funeraris","status":"publish","type":"page","link":"https:\/\/petalsfloristes.com\/ca\/serveis-de-floristeria\/funeraris\/","title":{"rendered":"Funeraris"},"content":{"rendered":"\t\t<div data-elementor-type=\"wp-page\" data-elementor-id=\"538\" class=\"elementor elementor-538 elementor-342\" data-elementor-post-type=\"page\">\n\t\t\t\t<div class=\"elementor-element elementor-element-176bb03d e-flex e-con-boxed e-con e-parent\" data-id=\"176bb03d\" data-element_type=\"container\" data-e-type=\"container\" data-settings=\"{&quot;background_background&quot;:&quot;classic&quot;,&quot;background_motion_fx_motion_fx_scrolling&quot;:&quot;yes&quot;,&quot;background_motion_fx_scale_effect&quot;:&quot;yes&quot;,&quot;background_motion_fx_scale_direction&quot;:&quot;out-in&quot;,&quot;background_motion_fx_scale_speed&quot;:{&quot;unit&quot;:&quot;px&quot;,&quot;size&quot;:4,&quot;sizes&quot;:[]},&quot;background_motion_fx_scale_range&quot;:{&quot;unit&quot;:&quot;%&quot;,&quot;size&quot;:&quot;&quot;,&quot;sizes&quot;:{&quot;start&quot;:20,&quot;end&quot;:80}},&quot;background_motion_fx_devices&quot;:[&quot;desktop&quot;,&quot;tablet&quot;,&quot;mobile&quot;]}\">\n\t\t\t\t\t<div class=\"e-con-inner\">\n\t\t\t\t<div class=\"elementor-element elementor-element-330a035a elementor-icon-list--layout-inline elementor-align-center elementor-list-item-link-full_width elementor-widget elementor-widget-icon-list\" data-id=\"330a035a\" data-element_type=\"widget\" data-e-type=\"widget\" data-widget_type=\"icon-list.default\">\n\t\t\t\t<div class=\"elementor-widget-container\">\n\t\t\t\t\t\t\t<ul class=\"elementor-icon-list-items elementor-inline-items\">\n\t\t\t\t\t\t\t<li class=\"elementor-icon-list-item elementor-inline-item\">\n\t\t\t\t\t\t\t\t\t\t\t<a href=\"https:\/\/petalsfloristes.com\/ca\/serveis-de-floristeria\/\">\n\n\t\t\t\t\t\t\t\t\t\t\t<span class=\"elementor-icon-list-text\">Serveis de Floristeria<\/span>\n\t\t\t\t\t\t\t\t\t\t\t<\/a>\n\t\t\t\t\t\t\t\t\t<\/li>\n\t\t\t\t\t\t\t\t<li class=\"elementor-icon-list-item elementor-inline-item\">\n\t\t\t\t\t\t\t\t\t\t\t<span class=\"elementor-icon-list-icon\">\n\t\t\t\t\t\t\t<svg aria-hidden=\"true\" class=\"e-font-icon-svg e-fas-chevron-right\" viewBox=\"0 0 320 512\" xmlns=\"http:\/\/www.w3.org\/2000\/svg\"><path d=\"M285.476 272.971L91.132 467.314c-9.373 9.373-24.569 9.373-33.941 0l-22.667-22.667c-9.357-9.357-9.375-24.522-.04-33.901L188.505 256 34.484 101.255c-9.335-9.379-9.317-24.544.04-33.901l22.667-22.667c9.373-9.373 24.569-9.373 33.941 0L285.475 239.03c9.373 9.372 9.373 24.568.001 33.941z\"><\/path><\/svg>\t\t\t\t\t\t<\/span>\n\t\t\t\t\t\t\t\t\t\t<span class=\"elementor-icon-list-text\"><\/span>\n\t\t\t\t\t\t\t\t\t<\/li>\n\t\t\t\t\t\t<\/ul>\n\t\t\t\t\t\t<\/div>\n\t\t\t\t<\/div>\n\t\t\t\t\t<\/div>\n\t\t\t\t<\/div>\n\t\t<div class=\"elementor-element elementor-element-6335836e e-flex e-con-boxed e-con e-parent\" data-id=\"6335836e\" data-element_type=\"container\" data-e-type=\"container\">\n\t\t\t\t\t<div class=\"e-con-inner\">\n\t\t\t\t<div class=\"elementor-element elementor-element-65e0c4c4 elementor-widget elementor-widget-heading\" data-id=\"65e0c4c4\" data-element_type=\"widget\" data-e-type=\"widget\" data-widget_type=\"heading.default\">\n\t\t\t\t<div class=\"elementor-widget-container\">\n\t\t\t\t\t<h2 class=\"elementor-heading-title elementor-size-default\">flors per a serveis funeraris a matar\u00f3<\/h2>\t\t\t\t<\/div>\n\t\t\t\t<\/div>\n\t\t\t\t<div class=\"elementor-element elementor-element-60c5b666 elementor-widget elementor-widget-text-editor\" data-id=\"60c5b666\" data-element_type=\"widget\" data-e-type=\"widget\" data-widget_type=\"text-editor.default\">\n\t\t\t\t<div class=\"elementor-widget-container\">\n\t\t\t\t\t\t\t\t\t<p>Treballem amb una \u00e0mplia varietat de plantes i cuidem cada detall perqu\u00e8 el teu ram reflecteixi exactament el que desitges.<\/p>\n\t\t\t\t\t\t\t\t<\/div>\n\t\t\t\t<\/div>\n\t\t\t\t\t<\/div>\n\t\t\t\t<\/div>\n\t\t<div class=\"elementor-element elementor-element-591f4f05 e-con-full e-flex e-con e-parent\" data-id=\"591f4f05\" data-element_type=\"container\" data-e-type=\"container\">\n\t\t<div class=\"elementor-element elementor-element-56e0358e e-con-full e-flex e-con e-child\" data-id=\"56e0358e\" data-element_type=\"container\" data-e-type=\"container\" data-settings=\"{&quot;background_background&quot;:&quot;classic&quot;}\">\n\t\t\t\t<\/div>\n\t\t<div class=\"elementor-element elementor-element-73e530ad e-con-full e-flex e-con e-child\" data-id=\"73e530ad\" data-element_type=\"container\" data-e-type=\"container\">\n\t\t<div class=\"elementor-element elementor-element-6bf89a0 e-con-full e-flex e-con e-child\" data-id=\"6bf89a0\" data-element_type=\"container\" data-e-type=\"container\" id=\"ramo-funerario\" data-settings=\"{&quot;background_background&quot;:&quot;classic&quot;}\">\n\t\t\t\t<div class=\"elementor-element elementor-element-5600886 elementor-widget elementor-widget-heading\" data-id=\"5600886\" data-element_type=\"widget\" data-e-type=\"widget\" data-widget_type=\"heading.default\">\n\t\t\t\t<div class=\"elementor-widget-container\">\n\t\t\t\t\t<h2 class=\"elementor-heading-title elementor-size-default\">Ram funerari<\/h2>\t\t\t\t<\/div>\n\t\t\t\t<\/div>\n\t\t\t\t<div class=\"elementor-element elementor-element-6d506247 elementor-widget elementor-widget-text-editor\" data-id=\"6d506247\" data-element_type=\"widget\" data-e-type=\"widget\" data-widget_type=\"text-editor.default\">\n\t\t\t\t<div class=\"elementor-widget-container\">\n\t\t\t\t\t\t\t\t\t<p>Oferim rams funeraris que expressen respecte i afecte en els moments m\u00e9s dif\u00edcils. Els nostres arranjaments florals estan dissenyats amb delicadesa i bon gust, utilitzant flors fresques que transmeten consol i homenatge als teus \u00e9ssers estimats. Personalitzem cada ram funerari per reflectir els teus sentiments, acompanyant amb eleg\u00e0ncia i sensibilitat aquest moment de comiat.  <\/p>\n\t\t\t\t\t\t\t\t<\/div>\n\t\t\t\t<\/div>\n\t\t\t\t<\/div>\n\t\t\t\t<\/div>\n\t\t\t\t<\/div>\n\t\t<div class=\"elementor-element elementor-element-2a1aac60 e-con-full e-flex e-con e-parent\" data-id=\"2a1aac60\" data-element_type=\"container\" data-e-type=\"container\">\n\t\t<div class=\"elementor-element elementor-element-157b7dbe e-con-full e-flex e-con e-child\" data-id=\"157b7dbe\" data-element_type=\"container\" data-e-type=\"container\" data-settings=\"{&quot;background_background&quot;:&quot;classic&quot;}\">\n\t\t<div class=\"elementor-element elementor-element-70155d58 e-con-full e-flex e-con e-child\" data-id=\"70155d58\" data-element_type=\"container\" data-e-type=\"container\" id=\"cojin-funerario\" data-settings=\"{&quot;background_background&quot;:&quot;classic&quot;}\">\n\t\t\t\t<div class=\"elementor-element elementor-element-135552cd elementor-widget elementor-widget-heading\" data-id=\"135552cd\" data-element_type=\"widget\" data-e-type=\"widget\" data-widget_type=\"heading.default\">\n\t\t\t\t<div class=\"elementor-widget-container\">\n\t\t\t\t\t<h2 class=\"elementor-heading-title elementor-size-default\">Coix\u00ed funerari<\/h2>\t\t\t\t<\/div>\n\t\t\t\t<\/div>\n\t\t\t\t<div class=\"elementor-element elementor-element-250d60c3 elementor-widget elementor-widget-text-editor\" data-id=\"250d60c3\" data-element_type=\"widget\" data-e-type=\"widget\" data-widget_type=\"text-editor.default\">\n\t\t\t\t<div class=\"elementor-widget-container\">\n\t\t\t\t\t\t\t\t\t<p>Creem coixins funeraris que ofereixen un homenatge delicat i respectu\u00f3s als teus \u00e9ssers estimats. Els nostres dissenys, elaborats amb flors fresques i seleccionades, transmeten consol i serenitat en moments dif\u00edcils. Cada coix\u00ed funerari \u00e9s personalitzat per reflectir els teus sentiments i brindar un tribut floral ple d&#8217;amor i respecte, acompanyant de manera elegant aquest emotiu ad\u00e9u.  <\/p>\n\t\t\t\t\t\t\t\t<\/div>\n\t\t\t\t<\/div>\n\t\t\t\t<\/div>\n\t\t\t\t<\/div>\n\t\t<div class=\"elementor-element elementor-element-19ab2a9a e-con-full e-flex e-con e-child\" data-id=\"19ab2a9a\" data-element_type=\"container\" data-e-type=\"container\" data-settings=\"{&quot;background_background&quot;:&quot;classic&quot;}\">\n\t\t\t\t<\/div>\n\t\t\t\t<\/div>\n\t\t<div class=\"elementor-element elementor-element-bf89800 e-con-full e-flex e-con e-parent\" data-id=\"bf89800\" data-element_type=\"container\" data-e-type=\"container\">\n\t\t<div class=\"elementor-element elementor-element-9136589 e-con-full e-flex e-con e-child\" data-id=\"9136589\" data-element_type=\"container\" data-e-type=\"container\" data-settings=\"{&quot;background_background&quot;:&quot;classic&quot;}\">\n\t\t\t\t<\/div>\n\t\t<div class=\"elementor-element elementor-element-b20b4b3 e-con-full e-flex e-con e-child\" data-id=\"b20b4b3\" data-element_type=\"container\" data-e-type=\"container\">\n\t\t<div class=\"elementor-element elementor-element-ac7d971 e-con-full e-flex e-con e-child\" data-id=\"ac7d971\" data-element_type=\"container\" data-e-type=\"container\" id=\"corona\" data-settings=\"{&quot;background_background&quot;:&quot;classic&quot;}\">\n\t\t\t\t<div class=\"elementor-element elementor-element-e94f3de elementor-widget elementor-widget-heading\" data-id=\"e94f3de\" data-element_type=\"widget\" data-e-type=\"widget\" data-widget_type=\"heading.default\">\n\t\t\t\t<div class=\"elementor-widget-container\">\n\t\t\t\t\t<h2 class=\"elementor-heading-title elementor-size-default\">corona<\/h2>\t\t\t\t<\/div>\n\t\t\t\t<\/div>\n\t\t\t\t<div class=\"elementor-element elementor-element-24b380c elementor-widget elementor-widget-text-editor\" data-id=\"24b380c\" data-element_type=\"widget\" data-e-type=\"widget\" data-widget_type=\"text-editor.default\">\n\t\t\t\t<div class=\"elementor-widget-container\">\n\t\t\t\t\t\t\t\t\t<p>Dissenyem corones de flors funer\u00e0ries que simbolitzen un darrer homenatge ple d&#8217;amor i de respecte. Utilitzem flors fresques i d&#8217;alta qualitat per crear composicions elegants i serenes, oferint un tribut floral digne en moments de comiat. Personalitzem cada corona per reflectir els teus sentiments i acompanyar de manera significativa els teus \u00e9ssers estimats en el seu darrer ad\u00e9u.  <\/p>\n\t\t\t\t\t\t\t\t<\/div>\n\t\t\t\t<\/div>\n\t\t\t\t<\/div>\n\t\t\t\t<\/div>\n\t\t\t\t<\/div>\n\t\t\t\t<\/div>\n\t\t","protected":false},"excerpt":{"rendered":"<p>Serveis de Floristeria flors per a serveis funeraris a matar\u00f3 Treballem amb una \u00e0mplia varietat de plantes i cuidem cada detall perqu\u00e8 el teu ram reflecteixi exactament el que desitges. Ram funerari Oferim rams funeraris que expressen respecte i afecte en els moments m\u00e9s dif\u00edcils. Els nostres arranjaments florals estan dissenyats amb delicadesa i bon [&hellip;]<\/p>\n","protected":false},"author":1,"featured_media":0,"parent":548,"menu_order":7,"comment_status":"closed","ping_status":"closed","template":"elementor_header_footer","meta":{"_joinchat":[],"footnotes":""},"class_list":["post-538","page","type-page","status-publish","hentry"],"_links":{"self":[{"href":"https:\/\/petalsfloristes.com\/ca\/wp-json\/wp\/v2\/pages\/538","targetHints":{"allow":["GET"]}}],"collection":[{"href":"https:\/\/petalsfloristes.com\/ca\/wp-json\/wp\/v2\/pages"}],"about":[{"href":"https:\/\/petalsfloristes.com\/ca\/wp-json\/wp\/v2\/types\/page"}],"author":[{"embeddable":true,"href":"https:\/\/petalsfloristes.com\/ca\/wp-json\/wp\/v2\/users\/1"}],"replies":[{"embeddable":true,"href":"https:\/\/petalsfloristes.com\/ca\/wp-json\/wp\/v2\/comments?post=538"}],"version-history":[{"count":7,"href":"https:\/\/petalsfloristes.com\/ca\/wp-json\/wp\/v2\/pages\/538\/revisions"}],"predecessor-version":[{"id":994,"href":"https:\/\/petalsfloristes.com\/ca\/wp-json\/wp\/v2\/pages\/538\/revisions\/994"}],"up":[{"embeddable":true,"href":"https:\/\/petalsfloristes.com\/ca\/wp-json\/wp\/v2\/pages\/548"}],"wp:attachment":[{"href":"https:\/\/petalsfloristes.com\/ca\/wp-json\/wp\/v2\/media?parent=538"}],"curies":[{"name":"wp","href":"https:\/\/api.w.org\/{rel}","templated":true}]}}