{"id":543,"date":"2024-09-18T21:16:35","date_gmt":"2024-09-18T21:16:35","guid":{"rendered":"https:\/\/petalsfloristes.com\/noces\/"},"modified":"2024-10-07T06:14:59","modified_gmt":"2024-10-07T06:14:59","slug":"noces","status":"publish","type":"page","link":"https:\/\/petalsfloristes.com\/ca\/serveis-de-floristeria\/noces\/","title":{"rendered":"Noces"},"content":{"rendered":"\t\t<div data-elementor-type=\"wp-page\" data-elementor-id=\"543\" class=\"elementor elementor-543 elementor-332\" data-elementor-post-type=\"page\">\n\t\t\t\t<div class=\"elementor-element elementor-element-11045b59 e-flex e-con-boxed e-con e-parent\" data-id=\"11045b59\" data-element_type=\"container\" data-e-type=\"container\" data-settings=\"{&quot;background_background&quot;:&quot;classic&quot;,&quot;background_motion_fx_motion_fx_scrolling&quot;:&quot;yes&quot;,&quot;background_motion_fx_scale_effect&quot;:&quot;yes&quot;,&quot;background_motion_fx_scale_direction&quot;:&quot;out-in&quot;,&quot;background_motion_fx_scale_speed&quot;:{&quot;unit&quot;:&quot;px&quot;,&quot;size&quot;:4,&quot;sizes&quot;:[]},&quot;background_motion_fx_scale_range&quot;:{&quot;unit&quot;:&quot;%&quot;,&quot;size&quot;:&quot;&quot;,&quot;sizes&quot;:{&quot;start&quot;:20,&quot;end&quot;:80}},&quot;background_motion_fx_devices&quot;:[&quot;desktop&quot;,&quot;tablet&quot;,&quot;mobile&quot;]}\">\n\t\t\t\t\t<div class=\"e-con-inner\">\n\t\t\t\t<div class=\"elementor-element elementor-element-70d0e225 elementor-icon-list--layout-inline elementor-align-center elementor-list-item-link-full_width elementor-widget elementor-widget-icon-list\" data-id=\"70d0e225\" data-element_type=\"widget\" data-e-type=\"widget\" data-widget_type=\"icon-list.default\">\n\t\t\t\t<div class=\"elementor-widget-container\">\n\t\t\t\t\t\t\t<ul class=\"elementor-icon-list-items elementor-inline-items\">\n\t\t\t\t\t\t\t<li class=\"elementor-icon-list-item elementor-inline-item\">\n\t\t\t\t\t\t\t\t\t\t\t<a href=\"https:\/\/petalsfloristes.com\/ca\/serveis-de-floristeria\/\">\n\n\t\t\t\t\t\t\t\t\t\t\t<span class=\"elementor-icon-list-text\">Serveis de Floristeria<\/span>\n\t\t\t\t\t\t\t\t\t\t\t<\/a>\n\t\t\t\t\t\t\t\t\t<\/li>\n\t\t\t\t\t\t\t\t<li class=\"elementor-icon-list-item elementor-inline-item\">\n\t\t\t\t\t\t\t\t\t\t\t<span class=\"elementor-icon-list-icon\">\n\t\t\t\t\t\t\t<svg aria-hidden=\"true\" class=\"e-font-icon-svg e-fas-chevron-right\" viewBox=\"0 0 320 512\" xmlns=\"http:\/\/www.w3.org\/2000\/svg\"><path d=\"M285.476 272.971L91.132 467.314c-9.373 9.373-24.569 9.373-33.941 0l-22.667-22.667c-9.357-9.357-9.375-24.522-.04-33.901L188.505 256 34.484 101.255c-9.335-9.379-9.317-24.544.04-33.901l22.667-22.667c9.373-9.373 24.569-9.373 33.941 0L285.475 239.03c9.373 9.372 9.373 24.568.001 33.941z\"><\/path><\/svg>\t\t\t\t\t\t<\/span>\n\t\t\t\t\t\t\t\t\t\t<span class=\"elementor-icon-list-text\"><\/span>\n\t\t\t\t\t\t\t\t\t<\/li>\n\t\t\t\t\t\t<\/ul>\n\t\t\t\t\t\t<\/div>\n\t\t\t\t<\/div>\n\t\t\t\t\t<\/div>\n\t\t\t\t<\/div>\n\t\t<div class=\"elementor-element elementor-element-75977286 e-flex e-con-boxed e-con e-parent\" data-id=\"75977286\" data-element_type=\"container\" data-e-type=\"container\">\n\t\t\t\t\t<div class=\"e-con-inner\">\n\t\t\t\t<div class=\"elementor-element elementor-element-1fcb17bb elementor-widget elementor-widget-heading\" data-id=\"1fcb17bb\" data-element_type=\"widget\" data-e-type=\"widget\" data-widget_type=\"heading.default\">\n\t\t\t\t<div class=\"elementor-widget-container\">\n\t\t\t\t\t<h2 class=\"elementor-heading-title elementor-size-default\">Serveis de casaments a matar\u00f3<\/h2>\t\t\t\t<\/div>\n\t\t\t\t<\/div>\n\t\t\t\t<div class=\"elementor-element elementor-element-6b8d0c9 elementor-widget elementor-widget-text-editor\" data-id=\"6b8d0c9\" data-element_type=\"widget\" data-e-type=\"widget\" data-widget_type=\"text-editor.default\">\n\t\t\t\t<div class=\"elementor-widget-container\">\n\t\t\t\t\t\t\t\t\t<p>A la nostra secci\u00f3 de casaments, ens especialitzem en crear arranjaments florals \u00fanics que reflecteixin l&#8217;ess\u00e8ncia de cada parella. Sabem que cada casament \u00e9s diferent, per aix\u00f2 ens adaptem a tota mena de pressupostos, garantint sempre la m\u00e0xima qualitat i bellesa en cada detall. Ja sigui un esdeveniment \u00edntim o una celebraci\u00f3 de gran escala, som aqu\u00ed per ajudar-vos a dissenyar l&#8217;ambient perfecte amb flors fresques i creatives, ajustant-nos a les vostres necessitats i somnis. Fes del teu dia especial una cosa inoblidable amb els nostres arranjaments florals!   <\/p>\n\t\t\t\t\t\t\t\t<\/div>\n\t\t\t\t<\/div>\n\t\t\t\t\t<\/div>\n\t\t\t\t<\/div>\n\t\t<div class=\"elementor-element elementor-element-41a4cf0d e-con-full e-flex e-con e-parent\" data-id=\"41a4cf0d\" data-element_type=\"container\" data-e-type=\"container\">\n\t\t<div class=\"elementor-element elementor-element-17fc2dec e-con-full e-flex e-con e-child\" data-id=\"17fc2dec\" data-element_type=\"container\" data-e-type=\"container\" data-settings=\"{&quot;background_background&quot;:&quot;classic&quot;}\">\n\t\t\t\t<\/div>\n\t\t<div class=\"elementor-element elementor-element-10dc0741 e-con-full e-flex e-con e-child\" data-id=\"10dc0741\" data-element_type=\"container\" data-e-type=\"container\">\n\t\t<div class=\"elementor-element elementor-element-2e29672 e-con-full e-flex e-con e-child\" data-id=\"2e29672\" data-element_type=\"container\" data-e-type=\"container\" id=\"ramos-de-novia\" data-settings=\"{&quot;background_background&quot;:&quot;classic&quot;}\">\n\t\t\t\t<div class=\"elementor-element elementor-element-6d6d8722 elementor-widget elementor-widget-heading\" data-id=\"6d6d8722\" data-element_type=\"widget\" data-e-type=\"widget\" data-widget_type=\"heading.default\">\n\t\t\t\t<div class=\"elementor-widget-container\">\n\t\t\t\t\t<h2 class=\"elementor-heading-title elementor-size-default\">rams de n\u00favia<\/h2>\t\t\t\t<\/div>\n\t\t\t\t<\/div>\n\t\t\t\t<div class=\"elementor-element elementor-element-61ba3940 elementor-widget elementor-widget-text-editor\" data-id=\"61ba3940\" data-element_type=\"widget\" data-e-type=\"widget\" data-widget_type=\"text-editor.default\">\n\t\t\t\t<div class=\"elementor-widget-container\">\n\t\t\t\t\t\t\t\t\t<p>Creem rams de n\u00favia personalitzats que capturen la bellesa i l&#8217;estil de cada n\u00favia. Cada ram \u00e9s un \u00fanic reflex de la teva personalitat i de l&#8217;amor que celebres. Treballem amb una \u00e0mplia varietat de flors fresques i ens adaptem a les teves prefer\u00e8ncies, ja sigui que busques alguna cosa cl\u00e0ssica, moderna o completament original. Permet-nos ajudar-te a fer que el teu dia especial sigui encara m\u00e9s inoblidable amb un ram dissenyat exclusivament per a tu.   <\/p>\n\t\t\t\t\t\t\t\t<\/div>\n\t\t\t\t<\/div>\n\t\t\t\t<\/div>\n\t\t\t\t<\/div>\n\t\t\t\t<\/div>\n\t\t<div class=\"elementor-element elementor-element-50bc8997 e-con-full e-flex e-con e-parent\" data-id=\"50bc8997\" data-element_type=\"container\" data-e-type=\"container\">\n\t\t<div class=\"elementor-element elementor-element-5452f681 e-con-full e-flex e-con e-child\" data-id=\"5452f681\" data-element_type=\"container\" data-e-type=\"container\" data-settings=\"{&quot;background_background&quot;:&quot;classic&quot;}\">\n\t\t<div class=\"elementor-element elementor-element-24a3a80c e-con-full e-flex e-con e-child\" data-id=\"24a3a80c\" data-element_type=\"container\" data-e-type=\"container\" id=\"centros-de-mesa-con-flores\" data-settings=\"{&quot;background_background&quot;:&quot;classic&quot;}\">\n\t\t\t\t<div class=\"elementor-element elementor-element-1ac956c5 elementor-widget elementor-widget-heading\" data-id=\"1ac956c5\" data-element_type=\"widget\" data-e-type=\"widget\" data-widget_type=\"heading.default\">\n\t\t\t\t<div class=\"elementor-widget-container\">\n\t\t\t\t\t<h2 class=\"elementor-heading-title elementor-size-default\">centres de taula amb flors<\/h2>\t\t\t\t<\/div>\n\t\t\t\t<\/div>\n\t\t\t\t<div class=\"elementor-element elementor-element-59762857 elementor-widget elementor-widget-text-editor\" data-id=\"59762857\" data-element_type=\"widget\" data-e-type=\"widget\" data-widget_type=\"text-editor.default\">\n\t\t\t\t<div class=\"elementor-widget-container\">\n\t\t\t\t\t\t\t\t\t<p>Dissenyem centres de taula amb flors que afegeixen un toc d&#8217;eleg\u00e0ncia i frescor a qualsevol ocasi\u00f3. Ja sigui per a casaments, esdeveniments especials o celebracions \u00edntimes, els nostres centres de taula estan fets a mida, combinant creativitat i harmonia en cada detall. Utilitzem flors fresques i de temporada per crear composicions \u00faniques que s&#8217;adapten al teu estil i pressupost, convertint cada taula en un espai memorable i ple de vida.  <\/p>\n\t\t\t\t\t\t\t\t<\/div>\n\t\t\t\t<\/div>\n\t\t\t\t<\/div>\n\t\t\t\t<\/div>\n\t\t<div class=\"elementor-element elementor-element-1357ebfa e-con-full e-flex e-con e-child\" data-id=\"1357ebfa\" data-element_type=\"container\" data-e-type=\"container\" data-settings=\"{&quot;background_background&quot;:&quot;classic&quot;}\">\n\t\t\t\t<\/div>\n\t\t\t\t<\/div>\n\t\t<div class=\"elementor-element elementor-element-7d430dc e-con-full e-flex e-con e-parent\" data-id=\"7d430dc\" data-element_type=\"container\" data-e-type=\"container\">\n\t\t<div class=\"elementor-element elementor-element-3f2344b e-con-full e-flex e-con e-child\" data-id=\"3f2344b\" data-element_type=\"container\" data-e-type=\"container\" data-settings=\"{&quot;background_background&quot;:&quot;classic&quot;}\">\n\t\t\t\t<\/div>\n\t\t<div class=\"elementor-element elementor-element-b09f6fe e-con-full e-flex e-con e-child\" data-id=\"b09f6fe\" data-element_type=\"container\" data-e-type=\"container\">\n\t\t<div class=\"elementor-element elementor-element-c3e34e9 e-con-full e-flex e-con e-child\" data-id=\"c3e34e9\" data-element_type=\"container\" data-e-type=\"container\" id=\"arreglos-florales-pelo\" data-settings=\"{&quot;background_background&quot;:&quot;classic&quot;}\">\n\t\t\t\t<div class=\"elementor-element elementor-element-5a53a85 elementor-widget elementor-widget-heading\" data-id=\"5a53a85\" data-element_type=\"widget\" data-e-type=\"widget\" data-widget_type=\"heading.default\">\n\t\t\t\t<div class=\"elementor-widget-container\">\n\t\t\t\t\t<h2 class=\"elementor-heading-title elementor-size-default\">arranjaments florals p\u00e8l<\/h2>\t\t\t\t<\/div>\n\t\t\t\t<\/div>\n\t\t\t\t<div class=\"elementor-element elementor-element-d37f8c9 elementor-widget elementor-widget-text-editor\" data-id=\"d37f8c9\" data-element_type=\"widget\" data-e-type=\"widget\" data-widget_type=\"text-editor.default\">\n\t\t\t\t<div class=\"elementor-widget-container\">\n\t\t\t\t\t\t\t\t\t<p>Creem delicats i bonics arranjaments florals per als cabells, perfectes per complementar el teu look en ocasions especials. Ja sigui per a n\u00favies, dames d&#8217;honor o esdeveniments importants, els nostres arranjaments estan dissenyats amb flors fresques que aporten un toc natural i elegant. Personalitzem cada pe\u00e7a segons el teu estil, perqu\u00e8 llueixis \u00fanica i radiant. Deixa que les flors siguin el detall que realci la teva bellesa!   <\/p>\n\t\t\t\t\t\t\t\t<\/div>\n\t\t\t\t<\/div>\n\t\t\t\t<\/div>\n\t\t\t\t<\/div>\n\t\t\t\t<\/div>\n\t\t<div class=\"elementor-element elementor-element-2f96bbc e-con-full e-flex e-con e-parent\" data-id=\"2f96bbc\" data-element_type=\"container\" data-e-type=\"container\">\n\t\t<div class=\"elementor-element elementor-element-80fea35 e-con-full e-flex e-con e-child\" data-id=\"80fea35\" data-element_type=\"container\" data-e-type=\"container\" data-settings=\"{&quot;background_background&quot;:&quot;classic&quot;}\">\n\t\t<div class=\"elementor-element elementor-element-2c967e5 e-con-full e-flex e-con e-child\" data-id=\"2c967e5\" data-element_type=\"container\" data-e-type=\"container\" id=\"adornos-solapa\" data-settings=\"{&quot;background_background&quot;:&quot;classic&quot;}\">\n\t\t\t\t<div class=\"elementor-element elementor-element-a563f9d elementor-widget elementor-widget-heading\" data-id=\"a563f9d\" data-element_type=\"widget\" data-e-type=\"widget\" data-widget_type=\"heading.default\">\n\t\t\t\t<div class=\"elementor-widget-container\">\n\t\t\t\t\t<h2 class=\"elementor-heading-title elementor-size-default\">adorns solapa<\/h2>\t\t\t\t<\/div>\n\t\t\t\t<\/div>\n\t\t\t\t<div class=\"elementor-element elementor-element-29134f4 elementor-widget elementor-widget-text-editor\" data-id=\"29134f4\" data-element_type=\"widget\" data-e-type=\"widget\" data-widget_type=\"text-editor.default\">\n\t\t\t\t<div class=\"elementor-widget-container\">\n\t\t\t\t\t\t\t\t\t<p>Dissenyem elegants adorns de solapa que afegeixen un toc distingit i floral a qualsevol vestit. Perfectes per a nuvis, padrins o convidats especials, els nostres adorns estan fets a m\u00e0 amb flors fresques i d&#8217;alta qualitat, combinant harmoniosament amb l&#8217;estil del teu esdeveniment. Cada guarniment \u00e9s personalitzat, reflectint l&#8217;ess\u00e8ncia de l&#8217;ocasi\u00f3 i el bon gust. D\u00f3na al teu look un detall \u00fanic amb les nostres creacions!   <\/p>\n\t\t\t\t\t\t\t\t<\/div>\n\t\t\t\t<\/div>\n\t\t\t\t<\/div>\n\t\t\t\t<\/div>\n\t\t<div class=\"elementor-element elementor-element-4de4998 e-con-full e-flex e-con e-child\" data-id=\"4de4998\" data-element_type=\"container\" data-e-type=\"container\" data-settings=\"{&quot;background_background&quot;:&quot;classic&quot;}\">\n\t\t\t\t<\/div>\n\t\t\t\t<\/div>\n\t\t<div class=\"elementor-element elementor-element-1a05af6 e-con-full e-flex e-con e-parent\" data-id=\"1a05af6\" data-element_type=\"container\" data-e-type=\"container\">\n\t\t<div class=\"elementor-element elementor-element-08f9ab8 e-con-full e-flex e-con e-child\" data-id=\"08f9ab8\" data-element_type=\"container\" data-e-type=\"container\" data-settings=\"{&quot;background_background&quot;:&quot;classic&quot;}\">\n\t\t\t\t<\/div>\n\t\t<div class=\"elementor-element elementor-element-9ac07d1 e-con-full e-flex e-con e-child\" data-id=\"9ac07d1\" data-element_type=\"container\" data-e-type=\"container\">\n\t\t<div class=\"elementor-element elementor-element-3b06d75 e-con-full e-flex e-con e-child\" data-id=\"3b06d75\" data-element_type=\"container\" data-e-type=\"container\" id=\"arreglos-florales-para-bodas\" data-settings=\"{&quot;background_background&quot;:&quot;classic&quot;}\">\n\t\t\t\t<div class=\"elementor-element elementor-element-4c6373d elementor-widget elementor-widget-heading\" data-id=\"4c6373d\" data-element_type=\"widget\" data-e-type=\"widget\" data-widget_type=\"heading.default\">\n\t\t\t\t<div class=\"elementor-widget-container\">\n\t\t\t\t\t<h2 class=\"elementor-heading-title elementor-size-default\">arranjaments florals per a casaments<\/h2>\t\t\t\t<\/div>\n\t\t\t\t<\/div>\n\t\t\t\t<div class=\"elementor-element elementor-element-0799fae elementor-widget elementor-widget-text-editor\" data-id=\"0799fae\" data-element_type=\"widget\" data-e-type=\"widget\" data-widget_type=\"text-editor.default\">\n\t\t\t\t<div class=\"elementor-widget-container\">\n\t\t\t\t\t\t\t\t\t<p>Transformem el teu casament en un esdeveniment m\u00e0gic amb els nostres exclusius arranjaments florals. Dissenyem cada arranjament per reflectir la personalitat dels nuvis i l&#8217;ambient del dia, creant espais plens de vida, color i frescor. Des de la cerim\u00f2nia fins a la recepci\u00f3, treballem amb tu per triar les flors perfectes i adaptar-nos al teu estil i pressupost, assegurant que cada detall floral sigui inoblidable. Fes que el teu casament brilli amb la bellesa natural de les nostres flors!   <\/p>\n\t\t\t\t\t\t\t\t<\/div>\n\t\t\t\t<\/div>\n\t\t\t\t<\/div>\n\t\t\t\t<\/div>\n\t\t\t\t<\/div>\n\t\t\t\t<\/div>\n\t\t","protected":false},"excerpt":{"rendered":"<p>Serveis de Floristeria Serveis de casaments a matar\u00f3 A la nostra secci\u00f3 de casaments, ens especialitzem en crear arranjaments florals \u00fanics que reflecteixin l&#8217;ess\u00e8ncia de cada parella. Sabem que cada casament \u00e9s diferent, per aix\u00f2 ens adaptem a tota mena de pressupostos, garantint sempre la m\u00e0xima qualitat i bellesa en cada detall. Ja sigui un [&hellip;]<\/p>\n","protected":false},"author":1,"featured_media":0,"parent":548,"menu_order":6,"comment_status":"closed","ping_status":"closed","template":"elementor_header_footer","meta":{"_joinchat":[],"footnotes":""},"class_list":["post-543","page","type-page","status-publish","hentry"],"_links":{"self":[{"href":"https:\/\/petalsfloristes.com\/ca\/wp-json\/wp\/v2\/pages\/543","targetHints":{"allow":["GET"]}}],"collection":[{"href":"https:\/\/petalsfloristes.com\/ca\/wp-json\/wp\/v2\/pages"}],"about":[{"href":"https:\/\/petalsfloristes.com\/ca\/wp-json\/wp\/v2\/types\/page"}],"author":[{"embeddable":true,"href":"https:\/\/petalsfloristes.com\/ca\/wp-json\/wp\/v2\/users\/1"}],"replies":[{"embeddable":true,"href":"https:\/\/petalsfloristes.com\/ca\/wp-json\/wp\/v2\/comments?post=543"}],"version-history":[{"count":6,"href":"https:\/\/petalsfloristes.com\/ca\/wp-json\/wp\/v2\/pages\/543\/revisions"}],"predecessor-version":[{"id":1001,"href":"https:\/\/petalsfloristes.com\/ca\/wp-json\/wp\/v2\/pages\/543\/revisions\/1001"}],"up":[{"embeddable":true,"href":"https:\/\/petalsfloristes.com\/ca\/wp-json\/wp\/v2\/pages\/548"}],"wp:attachment":[{"href":"https:\/\/petalsfloristes.com\/ca\/wp-json\/wp\/v2\/media?parent=543"}],"curies":[{"name":"wp","href":"https:\/\/api.w.org\/{rel}","templated":true}]}}