{"id":550,"date":"2024-09-18T21:29:13","date_gmt":"2024-09-18T21:29:13","guid":{"rendered":"https:\/\/petalsfloristes.com\/campanyes-especials\/"},"modified":"2024-10-07T06:15:00","modified_gmt":"2024-10-07T06:15:00","slug":"campanyes-especials","status":"publish","type":"page","link":"https:\/\/petalsfloristes.com\/ca\/serveis-de-floristeria\/campanyes-especials\/","title":{"rendered":"Campanyes Especials"},"content":{"rendered":"\t\t<div data-elementor-type=\"wp-page\" data-elementor-id=\"550\" class=\"elementor elementor-550 elementor-347\" data-elementor-post-type=\"page\">\n\t\t\t\t<div class=\"elementor-element elementor-element-3761b000 e-flex e-con-boxed e-con e-parent\" data-id=\"3761b000\" data-element_type=\"container\" data-e-type=\"container\" data-settings=\"{&quot;background_background&quot;:&quot;classic&quot;,&quot;background_motion_fx_motion_fx_scrolling&quot;:&quot;yes&quot;,&quot;background_motion_fx_scale_effect&quot;:&quot;yes&quot;,&quot;background_motion_fx_scale_direction&quot;:&quot;out-in&quot;,&quot;background_motion_fx_scale_speed&quot;:{&quot;unit&quot;:&quot;px&quot;,&quot;size&quot;:4,&quot;sizes&quot;:[]},&quot;background_motion_fx_scale_range&quot;:{&quot;unit&quot;:&quot;%&quot;,&quot;size&quot;:&quot;&quot;,&quot;sizes&quot;:{&quot;start&quot;:20,&quot;end&quot;:80}},&quot;background_motion_fx_devices&quot;:[&quot;desktop&quot;,&quot;tablet&quot;,&quot;mobile&quot;]}\">\n\t\t\t\t\t<div class=\"e-con-inner\">\n\t\t\t\t<div class=\"elementor-element elementor-element-34fac128 elementor-icon-list--layout-inline elementor-align-center elementor-list-item-link-full_width elementor-widget elementor-widget-icon-list\" data-id=\"34fac128\" data-element_type=\"widget\" data-e-type=\"widget\" data-widget_type=\"icon-list.default\">\n\t\t\t\t<div class=\"elementor-widget-container\">\n\t\t\t\t\t\t\t<ul class=\"elementor-icon-list-items elementor-inline-items\">\n\t\t\t\t\t\t\t<li class=\"elementor-icon-list-item elementor-inline-item\">\n\t\t\t\t\t\t\t\t\t\t\t<a href=\"https:\/\/petalsfloristes.com\/ca\/serveis-de-floristeria\/\">\n\n\t\t\t\t\t\t\t\t\t\t\t<span class=\"elementor-icon-list-text\">Serveis de Floristeria<\/span>\n\t\t\t\t\t\t\t\t\t\t\t<\/a>\n\t\t\t\t\t\t\t\t\t<\/li>\n\t\t\t\t\t\t\t\t<li class=\"elementor-icon-list-item elementor-inline-item\">\n\t\t\t\t\t\t\t\t\t\t\t<span class=\"elementor-icon-list-icon\">\n\t\t\t\t\t\t\t<svg aria-hidden=\"true\" class=\"e-font-icon-svg e-fas-chevron-right\" viewBox=\"0 0 320 512\" xmlns=\"http:\/\/www.w3.org\/2000\/svg\"><path d=\"M285.476 272.971L91.132 467.314c-9.373 9.373-24.569 9.373-33.941 0l-22.667-22.667c-9.357-9.357-9.375-24.522-.04-33.901L188.505 256 34.484 101.255c-9.335-9.379-9.317-24.544.04-33.901l22.667-22.667c9.373-9.373 24.569-9.373 33.941 0L285.475 239.03c9.373 9.372 9.373 24.568.001 33.941z\"><\/path><\/svg>\t\t\t\t\t\t<\/span>\n\t\t\t\t\t\t\t\t\t\t<span class=\"elementor-icon-list-text\"><\/span>\n\t\t\t\t\t\t\t\t\t<\/li>\n\t\t\t\t\t\t<\/ul>\n\t\t\t\t\t\t<\/div>\n\t\t\t\t<\/div>\n\t\t\t\t\t<\/div>\n\t\t\t\t<\/div>\n\t\t<div class=\"elementor-element elementor-element-77def0a0 e-flex e-con-boxed e-con e-parent\" data-id=\"77def0a0\" data-element_type=\"container\" data-e-type=\"container\">\n\t\t\t\t\t<div class=\"e-con-inner\">\n\t\t\t\t<div class=\"elementor-element elementor-element-2ddbee28 elementor-widget elementor-widget-heading\" data-id=\"2ddbee28\" data-element_type=\"widget\" data-e-type=\"widget\" data-widget_type=\"heading.default\">\n\t\t\t\t<div class=\"elementor-widget-container\">\n\t\t\t\t\t<h2 class=\"elementor-heading-title elementor-size-default\">Venda de plantes en campanyes especials a matar\u00f3<\/h2>\t\t\t\t<\/div>\n\t\t\t\t<\/div>\n\t\t\t\t<div class=\"elementor-element elementor-element-12617aec elementor-widget elementor-widget-text-editor\" data-id=\"12617aec\" data-element_type=\"widget\" data-e-type=\"widget\" data-widget_type=\"text-editor.default\">\n\t\t\t\t<div class=\"elementor-widget-container\">\n\t\t\t\t\t\t\t\t\t<p>Treballem amb una \u00e0mplia varietat de plantes i cuidem cada detall perqu\u00e8 el teu ram reflecteixi exactament el que desitges.<\/p>\n\t\t\t\t\t\t\t\t<\/div>\n\t\t\t\t<\/div>\n\t\t\t\t\t<\/div>\n\t\t\t\t<\/div>\n\t\t<div class=\"elementor-element elementor-element-14763656 e-con-full e-flex e-con e-parent\" data-id=\"14763656\" data-element_type=\"container\" data-e-type=\"container\">\n\t\t<div class=\"elementor-element elementor-element-304de0fd e-con-full e-flex e-con e-child\" data-id=\"304de0fd\" data-element_type=\"container\" data-e-type=\"container\" data-settings=\"{&quot;background_background&quot;:&quot;classic&quot;}\">\n\t\t\t\t<\/div>\n\t\t<div class=\"elementor-element elementor-element-6570e2da e-con-full e-flex e-con e-child\" data-id=\"6570e2da\" data-element_type=\"container\" data-e-type=\"container\">\n\t\t<div class=\"elementor-element elementor-element-13bad0f3 e-con-full e-flex e-con e-child\" data-id=\"13bad0f3\" data-element_type=\"container\" data-e-type=\"container\" id=\"san-valentin\" data-settings=\"{&quot;background_background&quot;:&quot;classic&quot;}\">\n\t\t\t\t<div class=\"elementor-element elementor-element-6ca0370f elementor-widget elementor-widget-heading\" data-id=\"6ca0370f\" data-element_type=\"widget\" data-e-type=\"widget\" data-widget_type=\"heading.default\">\n\t\t\t\t<div class=\"elementor-widget-container\">\n\t\t\t\t\t<h2 class=\"elementor-heading-title elementor-size-default\">Sant Valent\u00ed<\/h2>\t\t\t\t<\/div>\n\t\t\t\t<\/div>\n\t\t\t\t<div class=\"elementor-element elementor-element-1c491d3f elementor-widget elementor-widget-text-editor\" data-id=\"1c491d3f\" data-element_type=\"widget\" data-e-type=\"widget\" data-widget_type=\"text-editor.default\">\n\t\t\t\t<div class=\"elementor-widget-container\">\n\t\t\t\t\t\t\t\t\t<p>A la nostra secci\u00f3 de Campanyes Especials, oferim tot tipus de flors per celebrar Sant Valent\u00ed de manera inoblidable. Des de rams de roses cl\u00e0ssiques fins a arranjaments personalitzats, les nostres flors fresques estan dissenyades per transmetre amor i roman\u00e7 en aquest dia tan especial. Sorpr\u00e8n a tu \u00e9sser estimat amb un detall floral \u00fanic que expressi tot el que sents. Fes de Sant Valent\u00ed un dia m\u00e0gic amb les nostres flors!   <\/p>\n\t\t\t\t\t\t\t\t<\/div>\n\t\t\t\t<\/div>\n\t\t\t\t<\/div>\n\t\t\t\t<\/div>\n\t\t\t\t<\/div>\n\t\t<div class=\"elementor-element elementor-element-259aef8b e-con-full e-flex e-con e-parent\" data-id=\"259aef8b\" data-element_type=\"container\" data-e-type=\"container\">\n\t\t<div class=\"elementor-element elementor-element-163cc004 e-con-full e-flex e-con e-child\" data-id=\"163cc004\" data-element_type=\"container\" data-e-type=\"container\" data-settings=\"{&quot;background_background&quot;:&quot;classic&quot;}\">\n\t\t<div class=\"elementor-element elementor-element-9b98032 e-con-full e-flex e-con e-child\" data-id=\"9b98032\" data-element_type=\"container\" data-e-type=\"container\" id=\"sant-jordi\" data-settings=\"{&quot;background_background&quot;:&quot;classic&quot;}\">\n\t\t\t\t<div class=\"elementor-element elementor-element-36201d0d elementor-widget elementor-widget-heading\" data-id=\"36201d0d\" data-element_type=\"widget\" data-e-type=\"widget\" data-widget_type=\"heading.default\">\n\t\t\t\t<div class=\"elementor-widget-container\">\n\t\t\t\t\t<h2 class=\"elementor-heading-title elementor-size-default\">Sant jordi<\/h2>\t\t\t\t<\/div>\n\t\t\t\t<\/div>\n\t\t\t\t<div class=\"elementor-element elementor-element-10e43876 elementor-widget elementor-widget-text-editor\" data-id=\"10e43876\" data-element_type=\"widget\" data-e-type=\"widget\" data-widget_type=\"text-editor.default\">\n\t\t\t\t<div class=\"elementor-widget-container\">\n\t\t\t\t\t\t\t\t\t<p>A la nostra secci\u00f3 de Campanyes Especials, trobar\u00e0s tota mena de flors per celebrar la Diada de Sant Jordi, el dia m\u00e9s rom\u00e0ntic de Catalunya. Oferim les tradicionals roses vermelles i una \u00e0mplia varietat de flors fresques per regalar en aquesta data tan especial. Ja sigui per sorprendre el teu \u00e9sser estimat o per celebrar la cultura catalana, les nostres flors s\u00f3n el detall perfecte per a aquest dia. Fes que Sant Jordi sigui inoblidable amb les nostres flors!   <\/p>\n\t\t\t\t\t\t\t\t<\/div>\n\t\t\t\t<\/div>\n\t\t\t\t<\/div>\n\t\t\t\t<\/div>\n\t\t<div class=\"elementor-element elementor-element-181ebbc7 e-con-full e-flex e-con e-child\" data-id=\"181ebbc7\" data-element_type=\"container\" data-e-type=\"container\" data-settings=\"{&quot;background_background&quot;:&quot;classic&quot;}\">\n\t\t\t\t<\/div>\n\t\t\t\t<\/div>\n\t\t<div class=\"elementor-element elementor-element-0be3026 e-con-full e-flex e-con e-parent\" data-id=\"0be3026\" data-element_type=\"container\" data-e-type=\"container\">\n\t\t<div class=\"elementor-element elementor-element-dcc5843 e-con-full e-flex e-con e-child\" data-id=\"dcc5843\" data-element_type=\"container\" data-e-type=\"container\" data-settings=\"{&quot;background_background&quot;:&quot;classic&quot;}\">\n\t\t\t\t<\/div>\n\t\t<div class=\"elementor-element elementor-element-bf326ad e-con-full e-flex e-con e-child\" data-id=\"bf326ad\" data-element_type=\"container\" data-e-type=\"container\">\n\t\t<div class=\"elementor-element elementor-element-83830dc e-con-full e-flex e-con e-child\" data-id=\"83830dc\" data-element_type=\"container\" data-e-type=\"container\" data-settings=\"{&quot;background_background&quot;:&quot;classic&quot;}\">\n\t\t\t\t<div class=\"elementor-element elementor-element-ade3972 elementor-widget elementor-widget-heading\" data-id=\"ade3972\" data-element_type=\"widget\" data-e-type=\"widget\" data-widget_type=\"heading.default\">\n\t\t\t\t<div class=\"elementor-widget-container\">\n\t\t\t\t\t<h2 class=\"elementor-heading-title elementor-size-default\">Dia de la mare<\/h2>\t\t\t\t<\/div>\n\t\t\t\t<\/div>\n\t\t\t\t<div class=\"elementor-element elementor-element-2588159 elementor-widget elementor-widget-text-editor\" data-id=\"2588159\" data-element_type=\"widget\" data-e-type=\"widget\" data-widget_type=\"text-editor.default\">\n\t\t\t\t<div class=\"elementor-widget-container\">\n\t\t\t\t\t\t\t\t\t<p>Des de rams elegants fins a composicions personalitzades, les nostres flors estan dissenyades per transmetre amor i gratitud aquest dia tan especial. Sorpr\u00e8n la teva mare amb un detall floral \u00fanic i ple d&#8217;afecte. Fes que el Dia de la Mare sigui inoblidable amb les nostres flors!  <\/p>\n\t\t\t\t\t\t\t\t<\/div>\n\t\t\t\t<\/div>\n\t\t\t\t<\/div>\n\t\t\t\t<\/div>\n\t\t\t\t<\/div>\n\t\t<div class=\"elementor-element elementor-element-d4f728f e-con-full e-flex e-con e-parent\" data-id=\"d4f728f\" data-element_type=\"container\" data-e-type=\"container\">\n\t\t<div class=\"elementor-element elementor-element-49c055f e-con-full e-flex e-con e-child\" data-id=\"49c055f\" data-element_type=\"container\" data-e-type=\"container\" data-settings=\"{&quot;background_background&quot;:&quot;classic&quot;}\">\n\t\t<div class=\"elementor-element elementor-element-8aed2a2 e-con-full e-flex e-con e-child\" data-id=\"8aed2a2\" data-element_type=\"container\" data-e-type=\"container\" id=\"navidad\" data-settings=\"{&quot;background_background&quot;:&quot;classic&quot;}\">\n\t\t\t\t<div class=\"elementor-element elementor-element-36b537e elementor-widget elementor-widget-heading\" data-id=\"36b537e\" data-element_type=\"widget\" data-e-type=\"widget\" data-widget_type=\"heading.default\">\n\t\t\t\t<div class=\"elementor-widget-container\">\n\t\t\t\t\t<h2 class=\"elementor-heading-title elementor-size-default\">Nadal<\/h2>\t\t\t\t<\/div>\n\t\t\t\t<\/div>\n\t\t\t\t<div class=\"elementor-element elementor-element-810c2c7 elementor-widget elementor-widget-text-editor\" data-id=\"810c2c7\" data-element_type=\"widget\" data-e-type=\"widget\" data-widget_type=\"text-editor.default\">\n\t\t\t\t<div class=\"elementor-widget-container\">\n\t\t\t\t\t\t\t\t\t<p>A la nostra secci\u00f3 de Campanyes Especials, trobar\u00e0s una selecci\u00f3 exclusiva de flors i arranjaments nadalencs per omplir la teva llar de m\u00e0gia durant el Nadal. Des de centres de taula festius fins a corones decoratives i rams hivernals, les nostres flors fresques aporten calidesa i eleg\u00e0ncia a les vostres celebracions. Ja sigui per decorar o regalar, les nostres flors nadalenques s\u00f3n el toc perfecte per a aquesta \u00e8poca especial de l\u00b4any. Fes del teu Nadal una cosa \u00fanica amb les nostres flors!   <\/p>\n\t\t\t\t\t\t\t\t<\/div>\n\t\t\t\t<\/div>\n\t\t\t\t<\/div>\n\t\t\t\t<\/div>\n\t\t<div class=\"elementor-element elementor-element-e19f58a e-con-full e-flex e-con e-child\" data-id=\"e19f58a\" data-element_type=\"container\" data-e-type=\"container\" data-settings=\"{&quot;background_background&quot;:&quot;classic&quot;}\">\n\t\t\t\t<\/div>\n\t\t\t\t<\/div>\n\t\t<div class=\"elementor-element elementor-element-59100ba e-con-full e-flex e-con e-parent\" data-id=\"59100ba\" data-element_type=\"container\" data-e-type=\"container\">\n\t\t<div class=\"elementor-element elementor-element-77d0e7f e-con-full e-flex e-con e-child\" data-id=\"77d0e7f\" data-element_type=\"container\" data-e-type=\"container\" data-settings=\"{&quot;background_background&quot;:&quot;classic&quot;}\">\n\t\t\t\t<\/div>\n\t\t<div class=\"elementor-element elementor-element-ca5c61c e-con-full e-flex e-con e-child\" data-id=\"ca5c61c\" data-element_type=\"container\" data-e-type=\"container\">\n\t\t<div class=\"elementor-element elementor-element-d9c512c e-con-full e-flex e-con e-child\" data-id=\"d9c512c\" data-element_type=\"container\" data-e-type=\"container\" id=\"dia-de-la-madre\" data-settings=\"{&quot;background_background&quot;:&quot;classic&quot;}\">\n\t\t\t\t<div class=\"elementor-element elementor-element-5fc5369 elementor-widget elementor-widget-heading\" data-id=\"5fc5369\" data-element_type=\"widget\" data-e-type=\"widget\" data-widget_type=\"heading.default\">\n\t\t\t\t<div class=\"elementor-widget-container\">\n\t\t\t\t\t<h2 class=\"elementor-heading-title elementor-size-default\">Tots els sants<\/h2>\t\t\t\t<\/div>\n\t\t\t\t<\/div>\n\t\t\t\t<div class=\"elementor-element elementor-element-8339560 elementor-widget elementor-widget-text-editor\" data-id=\"8339560\" data-element_type=\"widget\" data-e-type=\"widget\" data-widget_type=\"text-editor.default\">\n\t\t\t\t<div class=\"elementor-widget-container\">\n\t\t\t\t\t\t\t\t\t<p>A la nostra secci\u00f3 de Campanyes Especials, oferim una \u00e0mplia varietat de flors per honrar els teus \u00e9ssers estimats en el Dia de Tots Sants. Des de rams solemnes fins a corones i arranjaments florals personalitzats, les nostres flors fresques estan dissenyades per rendir un homenatge ple de respecte i afecte. Troba l&#8217;arranjament perfecte per a aquest dia de record i commemoraci\u00f3. Expressa els teus sentiments amb la bellesa de les nostres flors!   <\/p>\n\t\t\t\t\t\t\t\t<\/div>\n\t\t\t\t<\/div>\n\t\t\t\t<\/div>\n\t\t\t\t<\/div>\n\t\t\t\t<\/div>\n\t\t\t\t<\/div>\n\t\t","protected":false},"excerpt":{"rendered":"<p>Serveis de Floristeria Venda de plantes en campanyes especials a matar\u00f3 Treballem amb una \u00e0mplia varietat de plantes i cuidem cada detall perqu\u00e8 el teu ram reflecteixi exactament el que desitges. Sant Valent\u00ed A la nostra secci\u00f3 de Campanyes Especials, oferim tot tipus de flors per celebrar Sant Valent\u00ed de manera inoblidable. Des de rams [&hellip;]<\/p>\n","protected":false},"author":1,"featured_media":0,"parent":548,"menu_order":8,"comment_status":"closed","ping_status":"closed","template":"elementor_header_footer","meta":{"_joinchat":[],"footnotes":""},"class_list":["post-550","page","type-page","status-publish","hentry"],"_links":{"self":[{"href":"https:\/\/petalsfloristes.com\/ca\/wp-json\/wp\/v2\/pages\/550","targetHints":{"allow":["GET"]}}],"collection":[{"href":"https:\/\/petalsfloristes.com\/ca\/wp-json\/wp\/v2\/pages"}],"about":[{"href":"https:\/\/petalsfloristes.com\/ca\/wp-json\/wp\/v2\/types\/page"}],"author":[{"embeddable":true,"href":"https:\/\/petalsfloristes.com\/ca\/wp-json\/wp\/v2\/users\/1"}],"replies":[{"embeddable":true,"href":"https:\/\/petalsfloristes.com\/ca\/wp-json\/wp\/v2\/comments?post=550"}],"version-history":[{"count":12,"href":"https:\/\/petalsfloristes.com\/ca\/wp-json\/wp\/v2\/pages\/550\/revisions"}],"predecessor-version":[{"id":1003,"href":"https:\/\/petalsfloristes.com\/ca\/wp-json\/wp\/v2\/pages\/550\/revisions\/1003"}],"up":[{"embeddable":true,"href":"https:\/\/petalsfloristes.com\/ca\/wp-json\/wp\/v2\/pages\/548"}],"wp:attachment":[{"href":"https:\/\/petalsfloristes.com\/ca\/wp-json\/wp\/v2\/media?parent=550"}],"curies":[{"name":"wp","href":"https:\/\/api.w.org\/{rel}","templated":true}]}}