{"id":556,"date":"2024-09-18T21:10:22","date_gmt":"2024-09-18T21:10:22","guid":{"rendered":"https:\/\/petalsfloristes.com\/serveis-de-floristeria\/arranjaments-florals\/"},"modified":"2024-10-07T06:11:47","modified_gmt":"2024-10-07T06:11:47","slug":"arranjaments-florals","status":"publish","type":"page","link":"https:\/\/petalsfloristes.com\/ca\/serveis-de-floristeria\/arranjaments-florals\/","title":{"rendered":"Arranjaments Florals"},"content":{"rendered":"\t\t<div data-elementor-type=\"wp-page\" data-elementor-id=\"556\" class=\"elementor elementor-556 elementor-327\" data-elementor-post-type=\"page\">\n\t\t\t\t<div class=\"elementor-element elementor-element-4e433137 e-flex e-con-boxed e-con e-parent\" data-id=\"4e433137\" data-element_type=\"container\" data-e-type=\"container\" data-settings=\"{&quot;background_background&quot;:&quot;classic&quot;,&quot;background_motion_fx_motion_fx_scrolling&quot;:&quot;yes&quot;,&quot;background_motion_fx_scale_effect&quot;:&quot;yes&quot;,&quot;background_motion_fx_scale_direction&quot;:&quot;out-in&quot;,&quot;background_motion_fx_scale_speed&quot;:{&quot;unit&quot;:&quot;px&quot;,&quot;size&quot;:4,&quot;sizes&quot;:[]},&quot;background_motion_fx_scale_range&quot;:{&quot;unit&quot;:&quot;%&quot;,&quot;size&quot;:&quot;&quot;,&quot;sizes&quot;:{&quot;start&quot;:20,&quot;end&quot;:80}},&quot;background_motion_fx_devices&quot;:[&quot;desktop&quot;,&quot;tablet&quot;,&quot;mobile&quot;]}\">\n\t\t\t\t\t<div class=\"e-con-inner\">\n\t\t\t\t<div class=\"elementor-element elementor-element-307d0450 elementor-icon-list--layout-inline elementor-align-center elementor-list-item-link-full_width elementor-widget elementor-widget-icon-list\" data-id=\"307d0450\" data-element_type=\"widget\" data-e-type=\"widget\" data-widget_type=\"icon-list.default\">\n\t\t\t\t<div class=\"elementor-widget-container\">\n\t\t\t\t\t\t\t<ul class=\"elementor-icon-list-items elementor-inline-items\">\n\t\t\t\t\t\t\t<li class=\"elementor-icon-list-item elementor-inline-item\">\n\t\t\t\t\t\t\t\t\t\t\t<a href=\"https:\/\/petalsfloristes.com\/ca\/serveis-de-floristeria\/\">\n\n\t\t\t\t\t\t\t\t\t\t\t<span class=\"elementor-icon-list-text\">Serveis de Floristeria<\/span>\n\t\t\t\t\t\t\t\t\t\t\t<\/a>\n\t\t\t\t\t\t\t\t\t<\/li>\n\t\t\t\t\t\t\t\t<li class=\"elementor-icon-list-item elementor-inline-item\">\n\t\t\t\t\t\t\t\t\t\t\t<span class=\"elementor-icon-list-icon\">\n\t\t\t\t\t\t\t<svg aria-hidden=\"true\" class=\"e-font-icon-svg e-fas-chevron-right\" viewBox=\"0 0 320 512\" xmlns=\"http:\/\/www.w3.org\/2000\/svg\"><path d=\"M285.476 272.971L91.132 467.314c-9.373 9.373-24.569 9.373-33.941 0l-22.667-22.667c-9.357-9.357-9.375-24.522-.04-33.901L188.505 256 34.484 101.255c-9.335-9.379-9.317-24.544.04-33.901l22.667-22.667c9.373-9.373 24.569-9.373 33.941 0L285.475 239.03c9.373 9.372 9.373 24.568.001 33.941z\"><\/path><\/svg>\t\t\t\t\t\t<\/span>\n\t\t\t\t\t\t\t\t\t\t<span class=\"elementor-icon-list-text\"><\/span>\n\t\t\t\t\t\t\t\t\t<\/li>\n\t\t\t\t\t\t<\/ul>\n\t\t\t\t\t\t<\/div>\n\t\t\t\t<\/div>\n\t\t\t\t\t<\/div>\n\t\t\t\t<\/div>\n\t\t<div class=\"elementor-element elementor-element-76efc49c e-flex e-con-boxed e-con e-parent\" data-id=\"76efc49c\" data-element_type=\"container\" data-e-type=\"container\">\n\t\t\t\t\t<div class=\"e-con-inner\">\n\t\t\t\t<div class=\"elementor-element elementor-element-2c96359b elementor-widget elementor-widget-heading\" data-id=\"2c96359b\" data-element_type=\"widget\" data-e-type=\"widget\" data-widget_type=\"heading.default\">\n\t\t\t\t<div class=\"elementor-widget-container\">\n\t\t\t\t\t<h2 class=\"elementor-heading-title elementor-size-default\">Arranjaments florals a matar\u00f3<\/h2>\t\t\t\t<\/div>\n\t\t\t\t<\/div>\n\t\t\t\t<div class=\"elementor-element elementor-element-3a4e98f3 elementor-widget elementor-widget-text-editor\" data-id=\"3a4e98f3\" data-element_type=\"widget\" data-e-type=\"widget\" data-widget_type=\"text-editor.default\">\n\t\t\t\t<div class=\"elementor-widget-container\">\n\t\t\t\t\t\t\t\t\t<p>Treballem amb una \u00e0mplia varietat de flors i cuidem cada detall perqu\u00e8 el teu ram o centre reflecteixi exactament el que desitges.<\/p>\n\t\t\t\t\t\t\t\t<\/div>\n\t\t\t\t<\/div>\n\t\t\t\t\t<\/div>\n\t\t\t\t<\/div>\n\t\t<div class=\"elementor-element elementor-element-1e46e8d5 e-con-full e-flex e-con e-parent\" data-id=\"1e46e8d5\" data-element_type=\"container\" data-e-type=\"container\">\n\t\t<div class=\"elementor-element elementor-element-46507626 e-con-full e-flex e-con e-child\" data-id=\"46507626\" data-element_type=\"container\" data-e-type=\"container\" data-settings=\"{&quot;background_background&quot;:&quot;classic&quot;}\">\n\t\t\t\t<\/div>\n\t\t<div class=\"elementor-element elementor-element-4ab38a48 e-con-full e-flex e-con e-child\" data-id=\"4ab38a48\" data-element_type=\"container\" data-e-type=\"container\">\n\t\t<div class=\"elementor-element elementor-element-48aa11eb e-con-full e-flex e-con e-child\" data-id=\"48aa11eb\" data-element_type=\"container\" data-e-type=\"container\" id=\"ramos\" data-settings=\"{&quot;background_background&quot;:&quot;classic&quot;}\">\n\t\t\t\t<div class=\"elementor-element elementor-element-5fc5de1a elementor-widget elementor-widget-heading\" data-id=\"5fc5de1a\" data-element_type=\"widget\" data-e-type=\"widget\" data-widget_type=\"heading.default\">\n\t\t\t\t<div class=\"elementor-widget-container\">\n\t\t\t\t\t<h2 class=\"elementor-heading-title elementor-size-default\">Rams<\/h2>\t\t\t\t<\/div>\n\t\t\t\t<\/div>\n\t\t\t\t<div class=\"elementor-element elementor-element-d75c2b7 elementor-widget elementor-widget-text-editor\" data-id=\"d75c2b7\" data-element_type=\"widget\" data-e-type=\"widget\" data-widget_type=\"text-editor.default\">\n\t\t\t\t<div class=\"elementor-widget-container\">\n\t\t\t\t\t\t\t\t\t<p>Creem des de rams cl\u00e0ssics i sofisticats fins a dissenys m\u00e9s originals i contemporanis, sempre amb flors fresques i de la millor qualitat. Ja sigui per sorprendre alg\u00fa especial, decorar un esdeveniment o celebrar un moment important, tenim el ram perfecte per a tu. A m\u00e9s, personalitzem cada creaci\u00f3 perqu\u00e8 s&#8217;ajusti als teus gustos i prefer\u00e8ncies, fent que cada arranjament sigui \u00fanic i memorable.  <\/p>\n\t\t\t\t\t\t\t\t<\/div>\n\t\t\t\t<\/div>\n\t\t\t\t<\/div>\n\t\t\t\t<\/div>\n\t\t\t\t<\/div>\n\t\t<div class=\"elementor-element elementor-element-2717939a e-con-full e-flex e-con e-parent\" data-id=\"2717939a\" data-element_type=\"container\" data-e-type=\"container\">\n\t\t<div class=\"elementor-element elementor-element-4f3c967f e-con-full e-flex e-con e-child\" data-id=\"4f3c967f\" data-element_type=\"container\" data-e-type=\"container\" data-settings=\"{&quot;background_background&quot;:&quot;classic&quot;}\">\n\t\t<div class=\"elementor-element elementor-element-1f69df12 e-con-full e-flex e-con e-child\" data-id=\"1f69df12\" data-element_type=\"container\" data-e-type=\"container\" id=\"centros\" data-settings=\"{&quot;background_background&quot;:&quot;classic&quot;}\">\n\t\t\t\t<div class=\"elementor-element elementor-element-432017d1 elementor-widget elementor-widget-heading\" data-id=\"432017d1\" data-element_type=\"widget\" data-e-type=\"widget\" data-widget_type=\"heading.default\">\n\t\t\t\t<div class=\"elementor-widget-container\">\n\t\t\t\t\t<h2 class=\"elementor-heading-title elementor-size-default\">Centres<\/h2>\t\t\t\t<\/div>\n\t\t\t\t<\/div>\n\t\t\t\t<div class=\"elementor-element elementor-element-68bd6c16 elementor-widget elementor-widget-text-editor\" data-id=\"68bd6c16\" data-element_type=\"widget\" data-e-type=\"widget\" data-widget_type=\"text-editor.default\">\n\t\t\t\t<div class=\"elementor-widget-container\">\n\t\t\t\t\t\t\t\t\t<p>Des de dissenys elegants i minimalistes fins a composicions m\u00e9s exuberants i creatives, els nostres centres florals estan fets amb flors fresques i d&#8217;alta qualitat. Perfectes per decorar taules, salons o qualsevol rac\u00f3, creem cada centre amb atenci\u00f3 al detall i adaptat als teus gustos i necessitats.<\/p>\n\t\t\t\t\t\t\t\t<\/div>\n\t\t\t\t<\/div>\n\t\t\t\t<\/div>\n\t\t\t\t<\/div>\n\t\t<div class=\"elementor-element elementor-element-76d3c0a e-con-full e-flex e-con e-child\" data-id=\"76d3c0a\" data-element_type=\"container\" data-e-type=\"container\" data-settings=\"{&quot;background_background&quot;:&quot;classic&quot;}\">\n\t\t\t\t<\/div>\n\t\t\t\t<\/div>\n\t\t\t\t<\/div>\n\t\t","protected":false},"excerpt":{"rendered":"<p>Serveis de Floristeria Arranjaments florals a matar\u00f3 Treballem amb una \u00e0mplia varietat de flors i cuidem cada detall perqu\u00e8 el teu ram o centre reflecteixi exactament el que desitges. Rams Creem des de rams cl\u00e0ssics i sofisticats fins a dissenys m\u00e9s originals i contemporanis, sempre amb flors fresques i de la millor qualitat. Ja sigui [&hellip;]<\/p>\n","protected":false},"author":1,"featured_media":0,"parent":548,"menu_order":5,"comment_status":"closed","ping_status":"closed","template":"elementor_header_footer","meta":{"_joinchat":[],"footnotes":""},"class_list":["post-556","page","type-page","status-publish","hentry"],"_links":{"self":[{"href":"https:\/\/petalsfloristes.com\/ca\/wp-json\/wp\/v2\/pages\/556","targetHints":{"allow":["GET"]}}],"collection":[{"href":"https:\/\/petalsfloristes.com\/ca\/wp-json\/wp\/v2\/pages"}],"about":[{"href":"https:\/\/petalsfloristes.com\/ca\/wp-json\/wp\/v2\/types\/page"}],"author":[{"embeddable":true,"href":"https:\/\/petalsfloristes.com\/ca\/wp-json\/wp\/v2\/users\/1"}],"replies":[{"embeddable":true,"href":"https:\/\/petalsfloristes.com\/ca\/wp-json\/wp\/v2\/comments?post=556"}],"version-history":[{"count":11,"href":"https:\/\/petalsfloristes.com\/ca\/wp-json\/wp\/v2\/pages\/556\/revisions"}],"predecessor-version":[{"id":986,"href":"https:\/\/petalsfloristes.com\/ca\/wp-json\/wp\/v2\/pages\/556\/revisions\/986"}],"up":[{"embeddable":true,"href":"https:\/\/petalsfloristes.com\/ca\/wp-json\/wp\/v2\/pages\/548"}],"wp:attachment":[{"href":"https:\/\/petalsfloristes.com\/ca\/wp-json\/wp\/v2\/media?parent=556"}],"curies":[{"name":"wp","href":"https:\/\/api.w.org\/{rel}","templated":true}]}}