{"id":566,"date":"2024-09-19T09:18:04","date_gmt":"2024-09-19T09:18:04","guid":{"rendered":"https:\/\/petalsfloristes.com\/politica-de-cookies\/"},"modified":"2024-10-01T06:06:58","modified_gmt":"2024-10-01T06:06:58","slug":"politica-de-cookies","status":"publish","type":"page","link":"https:\/\/petalsfloristes.com\/ca\/politica-de-cookies\/","title":{"rendered":"Pol\u00edtica de cookies"},"content":{"rendered":"\t\t<div data-elementor-type=\"wp-page\" data-elementor-id=\"566\" class=\"elementor elementor-566 elementor-368\" data-elementor-post-type=\"page\">\n\t\t\t\t<div class=\"elementor-element elementor-element-4a4f3c6c e-flex e-con-boxed e-con e-parent\" data-id=\"4a4f3c6c\" data-element_type=\"container\" data-e-type=\"container\">\n\t\t\t\t\t<div class=\"e-con-inner\">\n\t\t\t\t<div class=\"elementor-element elementor-element-29771207 elementor-widget elementor-widget-text-editor\" data-id=\"29771207\" data-element_type=\"widget\" data-e-type=\"widget\" data-widget_type=\"text-editor.default\">\n\t\t\t\t<div class=\"elementor-widget-container\">\n\t\t\t\t\t\t\t\t\t<b>INTRODUCCI\u00d3<\/b> <span style=\"font-weight: 400;\">La web de<\/span> <b>Miriam Pag\u00e8s Oli<\/b><span style=\"font-weight: 400;\">  utilitza cookies pr\u00f2pies i de tercers. Una galeta \u00e9s un fitxer que es descarrega al vostre ordinador en accedir a determinades p\u00e0gines web. Les cookies permeten a una p\u00e0gina web, entre altres finalitats, assegurar el funcionament correcte de la p\u00e0gina, permetre a l&#8217;Usuari un acc\u00e9s m\u00e9s r\u00e0pid als serveis seleccionats, emmagatzemar i recuperar informaci\u00f3 sobre els h\u00e0bits de navegaci\u00f3 d&#8217;un usuari o del seu equip i fins i tot , depenent de la informaci\u00f3 que continguin i de la manera com utilitzeu el vostre equip, es poden utilitzar per recon\u00e8ixer l&#8217;usuari. Les cookies s&#8217;associen \u00fanicament a un usuari an\u00f2nim i el seu ordinador o dispositiu i no proporcionen refer\u00e8ncies que permetin con\u00e8ixer les vostres dades personals., excepte perm\u00eds expr\u00e9s d&#8217;aquell.<\/span>\n\n<span style=\"font-weight: 400;\">L&#8217;usuari pot, en tot moment, acceptar o rebutjar les cookies instal\u00b7lades que no siguin estrictament necess\u00e0ries per al funcionament correcte del web i l&#8217;acc\u00e9s a l&#8217;Usuari als seus serveis, a trav\u00e9s del panell d&#8217;ajust de cookies proporcionat al nostre web. Aix\u00ed mateix, podreu configurar el vostre navegador en tot moment sense que aix\u00f2 perjudiqui la possibilitat de l&#8217;Usuari d&#8217;accedir als continguts. Tot i aix\u00f2, us informem que el rebuig de les cookies pot disminuir el bon funcionament de la web.  <\/span>\n\n<b>COOKIES AFECTADES PER LA NORMATIVA I COOKIES EXEMPTES<\/b> <span style=\"font-weight: 400;\">Segons la directiva de la UE, les galetes que requereixen el consentiment informat per part de l&#8217;usuari s\u00f3n les galetes d&#8217;anal\u00edtica, les de publicitat i afiliaci\u00f3, quedant exceptuades les de car\u00e0cter t\u00e8cnic i les necess\u00e0ries per al funcionament del lloc web o la prestaci\u00f3 de serveis expressament demanats per l&#8217;usuari.<\/span> <b>TIPUS DE COOKIES<\/b>\n<ol>\n \t<li><span style=\"font-weight: 400;\">a) Segons l&#8217;<\/span> <b>entitat que les gestioni<\/b> <span style=\"font-weight: 400;\">, hi ha Cookies<\/span> <b>pr\u00f2pies<\/b> <span style=\"font-weight: 400;\">(aquelles que s&#8217;envien a l&#8217;equip terminal de l&#8217;usuari des d&#8217;un equip o domini gestionat pel mateix editor i des del qual es presta el servei Sol\u00b7licitat per l&#8217;usuari) i de<\/span> <b>tercers<\/b> <span style=\"font-weight: 400;\">(les que s&#8217;envien a l&#8217;equip terminal de l&#8217;usuari des d&#8217;un equip o domini que no \u00e9s gestionat per l&#8217;editor, sin\u00f3 per una altra entitat que tracta les dades obtingudes mitjan\u00e7ant les galetes).<\/span><\/li>\n<\/ol>\n<ol>\n \t<li><span style=\"font-weight: 400;\">b) Segons el<\/span> <b>temps que romanen actives<\/b> <span style=\"font-weight: 400;\">, hi ha les de<\/span> <b>sessi\u00f3<\/b> <span style=\"font-weight: 400;\">(dissenyades per demanar i emmagatzemar dades mentre l&#8217;usuari accedeix a una p\u00e0gina web) i les<\/span> <b>persistents<\/b> <span style=\"font-weight: 400;\">(en qu\u00e8 les dades s&#8217;emmagatzemen al terminal i poden ser accedides i tractades durant un per\u00edode definit pel responsable de la galeta (pot anar d&#8217;uns minuts a diversos anys).<\/span><\/li>\n<\/ol>\n<ol>\n \t<li><span style=\"font-weight: 400;\">c) Segons la<\/span> <b>finalitat<\/b> <span style=\"font-weight: 400;\">per a la qual tracten la informaci\u00f3 que recopilen, poden ser:<\/span><\/li>\n<\/ol>\n<span style=\"font-weight: 400;\">&#8211;<\/span><b>  Galetes t\u00e8cniques<\/b><span style=\"font-weight: 400;\">  (necess\u00e0ries per a l&#8217;\u00fas de la web i la prestaci\u00f3 del servei contractat),<\/span>\n\n<b>&#8211; Cookies de personalitzaci\u00f3<\/b><span style=\"font-weight: 400;\">  (que permeten a l&#8217;usuari accedir al servei amb caracter\u00edstiques predefinides, com ara l&#8217;idioma, el tipus de navegador, la configuraci\u00f3 regional, etc.)<\/span>\n\n<span style=\"font-weight: 400;\">&#8211;  <\/span><b>Galetes d&#8217;an\u00e0lisi<\/b><span style=\"font-weight: 400;\">  (recullin informaci\u00f3 de l&#8217;\u00fas que es fa de la web),<\/span>\n\n<span style=\"font-weight: 400;\">&#8211;  <\/span><b>Galetes publicit\u00e0ries<\/b><span style=\"font-weight: 400;\">  (recullen informaci\u00f3 sobre les prefer\u00e8ncies i eleccions personals dels usuaris),<\/span>\n\n<span style=\"font-weight: 400;\">&#8211;  <\/span><b>Galetes d&#8217;afiliats<\/b><span style=\"font-weight: 400;\">  (permeten fer un seguiment de les visites procedents d&#8217;altres webs, amb qu\u00e8 el lloc web estableix un contracte d&#8217;afiliaci\u00f3).<\/span>\n\n<b>TIPUS DE COOKIES UTILITZADES PER AQUEST LLOC WEB<\/b>\n<table class=\"t1\" cellspacing=\"0\" cellpadding=\"0\">\n<tbody>\n<tr>\n<td class=\"td1\" valign=\"top\">\n<p class=\"p1\">Nom<\/p>\n<\/td>\n<td class=\"td1\" valign=\"top\">\n<p class=\"p1\">Categoria<\/p>\n<\/td>\n<td class=\"td1\" valign=\"top\">\n<p class=\"p1\">Descripci\u00f3<\/p>\n<\/td>\n<td class=\"td1\" valign=\"top\">\n<p class=\"p1\">Propietat<\/p>\n<\/td>\n<td class=\"td1\" valign=\"top\">\n<p class=\"p1\">Caducitat<\/p>\n<\/td>\n<\/tr>\n<tr>\n<td class=\"td1\" valign=\"top\">\n<p class=\"p1\">_ga<\/p>\n<\/td>\n<td class=\"td1\" valign=\"top\">\n<p class=\"p1\">An\u00e0lisi<\/p>\n<\/td>\n<td class=\"td1\" valign=\"top\">\n<p class=\"p1\">Es fa servir per distingir els usuaris.<\/p>\n<\/td>\n<td class=\"td1\" valign=\"top\">\n<p class=\"p1\">Google -Tercers<\/p>\n<\/td>\n<td class=\"td1\" valign=\"top\">\n<p class=\"p1\">2 anys<\/p>\n<\/td>\n<\/tr>\n<tr>\n<td class=\"td1\" valign=\"top\">\n<p class=\"p1\">_gid<\/p>\n<\/td>\n<td class=\"td1\" valign=\"top\">\n<p class=\"p1\">An\u00e0lisi<\/p>\n<\/td>\n<td class=\"td1\" valign=\"top\">\n<p class=\"p1\">Es fa servir per distingir els usuaris.<\/p>\n<\/td>\n<td class=\"td1\" valign=\"top\">\n<p class=\"p1\">Google -Tercers<\/p>\n<\/td>\n<td class=\"td1\" valign=\"top\">\n<p class=\"p1\">24 hores<\/p>\n<\/td>\n<\/tr>\n<tr>\n<td class=\"td1\" valign=\"top\">\n<p class=\"p1\">wp-settings-<\/p>\n<\/td>\n<td class=\"td1\" valign=\"top\">\n<p class=\"p1\">Funcionalitat<\/p>\n<\/td>\n<td class=\"td1\" valign=\"top\">\n<p class=\"p1\">Serveix per personalitzar la interf\u00edcie d&#8217;usuari.<\/p>\n<\/td>\n<td class=\"td1\" valign=\"top\">\n<p class=\"p1\">Pr\u00f2pia<\/p>\n<\/td>\n<td class=\"td1\" valign=\"top\">\n<p class=\"p1\">1 any<\/p>\n<\/td>\n<\/tr>\n<tr>\n<td class=\"td1\" valign=\"top\">\n<p class=\"p1\">wp-settings-time-<\/p>\n<\/td>\n<td class=\"td1\" valign=\"top\">\n<p class=\"p1\">Funcionalitat<\/p>\n<\/td>\n<td class=\"td1\" valign=\"top\">\n<p class=\"p1\">Serveix per personalitzar la interf\u00edcie d&#8217;usuari.<\/p>\n<\/td>\n<td class=\"td1\" valign=\"top\">\n<p class=\"p1\">Pr\u00f2pia<\/p>\n<\/td>\n<td class=\"td1\" valign=\"top\">\n<p class=\"p1\">Finalitzaci\u00f3 de la sessi\u00f3<\/p>\n<\/td>\n<\/tr>\n<tr>\n<td class=\"td1\" valign=\"top\">\n<p class=\"p1\">moove_gdpr_popup<\/p>\n<\/td>\n<td class=\"td1\" valign=\"top\">\n<p class=\"p1\">Funcionalitat<\/p>\n<\/td>\n<td class=\"td1\" valign=\"top\">\n<p class=\"p1\">Controla l&#8217;acceptaci\u00f3 o bloqueig dels scripts de les galetes no funcionals de tercers.<\/p>\n<\/td>\n<td class=\"td1\" valign=\"top\">\n<p class=\"p1\">Pr\u00f2pia<\/p>\n<\/td>\n<td class=\"td1\" valign=\"top\">\n<p class=\"p1\">1 setmana<\/p>\n<\/td>\n<\/tr>\n<tr>\n<td class=\"td1\" valign=\"top\">\n<p class=\"p1\">AEC<\/p>\n<\/td>\n<td class=\"td1\" valign=\"top\">\n<p class=\"p1\">Funcionalitat<\/p>\n<\/td>\n<td class=\"td1\" valign=\"top\">\n<p class=\"p1\">S&#8217;usen per detectar correu brossa, fraus i abusos per assegurar que no es cobra per error als anunciants per impressions o interaccions fraudulentes o no v\u00e0lides amb els anuncis, i que es remunera de forma justa als creadors de YouTube que participen al Programa per a Partners de YouTube.<\/p>\n<\/td>\n<td class=\"td1\" valign=\"top\">\n<p class=\"p1\">Google<\/p>\n<\/td>\n<td class=\"td1\" valign=\"top\">\n<p class=\"p1\">6 mesos<\/p>\n<\/td>\n<\/tr>\n<tr>\n<td class=\"td1\" valign=\"top\">\n<p class=\"p1\">OGPC<\/p>\n<\/td>\n<td class=\"td1\" valign=\"top\">\n<p class=\"p1\">Funcionalitat<\/p>\n<\/td>\n<td class=\"td1\" valign=\"top\">\n<p class=\"p1\">S&#8217;utilitza per visualitzar ubicacions geogr\u00e0fiques utilitzant els mapes de Google Maps quan visiteu la p\u00e0gina.<\/p>\n<\/td>\n<td class=\"td1\" valign=\"top\">\n<p class=\"p1\">Google Maps<\/p>\n<\/td>\n<td class=\"td1\" valign=\"top\">\n<p class=\"p1\">6 mesos<\/p>\n<\/td>\n<\/tr>\n<tr>\n<td class=\"td1\" valign=\"top\">\n<p class=\"p1\">SOCS<\/p>\n<\/td>\n<td class=\"td1\" valign=\"top\">\n<p class=\"p1\">Funcionalitat<\/p>\n<\/td>\n<td class=\"td1\" valign=\"top\">\n<p class=\"p1\">S&#8217;utilitza per emmagatzemar les eleccions de galetes de l&#8217;usuari<\/p>\n<\/td>\n<td class=\"td1\" valign=\"top\">\n<p class=\"p1\">Google<\/p>\n<\/td>\n<td class=\"td1\" valign=\"top\">\n<p class=\"p1\">13 mesos<\/p>\n<\/td>\n<\/tr>\n<tr>\n<td class=\"td1\" valign=\"top\">\n<p class=\"p1\">NID<\/p>\n<\/td>\n<td class=\"td1\" valign=\"top\">\n<p class=\"p1\">Funcionalitat<\/p>\n<\/td>\n<td class=\"td1\" valign=\"top\">\n<p class=\"p1\">Aquestes cookies es fan servir per recordar les teves prefer\u00e8ncies i una altra informaci\u00f3, com l&#8217;idioma que prefereixes, el nombre de resultats que vols que es mostrin a cada p\u00e0gina de resultats de cerca (per exemple, 10 o 20) i si vols que el filtre Cerca Segura de Google estigui activat o desactivat.<\/p>\n<\/td>\n<td class=\"td1\" valign=\"top\">\n<p class=\"p1\">Google<\/p>\n<\/td>\n<td class=\"td1\" valign=\"top\">\n<p class=\"p1\">6 mesos<\/p>\n<\/td>\n<\/tr>\n<tr>\n<td class=\"td1\" valign=\"top\">\n<p class=\"p1\">_GRECAPTCHA<\/p>\n<\/td>\n<td class=\"td1\" valign=\"top\">\n<p class=\"p1\">Funcionalitat<\/p>\n<\/td>\n<td class=\"td1\" valign=\"top\">\n<p class=\"p1\">Quan s&#8217;executa, reCAPTCHA estableix una galeta necess\u00e0ria per proporcionar-ne l&#8217;an\u00e0lisi de riscos. Utilitzat a tots els formularis web per evitar SPAM i\/o Bots. <\/p>\n<\/td>\n<td class=\"td1\" valign=\"top\">\n<p class=\"p1\">Google ReCaptcha<\/p>\n<\/td>\n<td class=\"td1\" valign=\"top\">\n<p class=\"p1\">6 mesos<\/p>\n<\/td>\n<\/tr>\n<\/tbody>\n<\/table>\n<span style=\"font-weight: 400;\">Mentre navega per la nostra web, es poden emmagatzemar al seu navegador les cookies de les nostres xarxes socials. A continuaci\u00f3, us indiquem els enlla\u00e7os sobre les cookies de les xarxes socials que utilitzem en aquesta web: <\/span>\n<ul>\n \t<li style=\"font-weight: 400;\" aria-level=\"1\"><span style=\"font-weight: 400;\">Cookies de Facebook, veure m\u00e9s informaci\u00f3 a la seva<\/span> <a href=\"https:\/\/es-es.facebook.com\/policies\/cookies\/\" target=\"_blank\" rel=\"noopener\"><span style=\"font-weight: 400;\">pol\u00edtica de cookies<\/span><\/a><\/li>\n \t<li style=\"font-weight: 400;\" aria-level=\"1\"><span style=\"font-weight: 400;\">Cookies de Youtube, veure m\u00e9s informaci\u00f3 a la seva<\/span> <a href=\"https:\/\/policies.google.com\/technologies\/cookies?hl=es\" target=\"_blank\" rel=\"noopener\"><span style=\"font-weight: 400;\">pol\u00edtica de cookies<\/span><\/a><\/li>\n \t<li style=\"font-weight: 400;\" aria-level=\"1\"><span style=\"font-weight: 400;\">Cookies de TikTok, veure m\u00e9s informaci\u00f3 a la seva<\/span> <a href=\"https:\/\/www.tiktok.com\/legal\/page\/global\/cookie-policy\/es\" target=\"_blank\" rel=\"noopener\"><span style=\"font-weight: 400;\">pol\u00edtica de cookies<\/span><\/a><\/li>\n \t<li style=\"font-weight: 400;\" aria-level=\"1\"><span style=\"font-weight: 400;\">Cookies de \u201cX\u201d, veure m\u00e9s informaci\u00f3 a la seva<\/span> <a href=\"https:\/\/help.twitter.com\/es\/rules-and-policies\/twitter-cookies\" target=\"_blank\" rel=\"noopener\"><span style=\"font-weight: 400;\">pol\u00edtica de cookies<\/span><\/a><\/li>\n \t<li style=\"font-weight: 400;\" aria-level=\"1\"><span style=\"font-weight: 400;\">Cookies d&#8217;Instagram, veure m\u00e9s informaci\u00f3 a la seva<\/span> <a href=\"https:\/\/help.instagram.com\/1896641480634370?ref=ig\" target=\"_blank\" rel=\"noopener\"><span style=\"font-weight: 400;\">pol\u00edtica de cookies<\/span><\/a><\/li>\n \t<li style=\"font-weight: 400;\" aria-level=\"1\"><span style=\"font-weight: 400;\">Galetes de Linkedin, veure m\u00e9s informaci\u00f3 a la seva<\/span> <a href=\"https:\/\/www.linkedin.com\/legal\/cookie-policy?_l=es_ES\" target=\"_blank\" rel=\"noopener\"><span style=\"font-weight: 400;\">pol\u00edtica de cookies<\/span><\/a><\/li>\n \t<li style=\"font-weight: 400;\" aria-level=\"1\"><span style=\"font-weight: 400;\">Cookies de Pinterest, veure m\u00e9s informaci\u00f3 a la seva<\/span> <a href=\"https:\/\/policy.pinterest.com\/es\/cookies\" target=\"_blank\" rel=\"noopener\"><span style=\"font-weight: 400;\">pol\u00edtica de cookies<\/span><\/a><\/li>\n<\/ul>\n<b>REVOCACI\u00d3<\/b> <span style=\"font-weight: 400;\">En tot moment podreu accedir a la configuraci\u00f3 del vostre navegador acceptant o rebutjant totes les cookies, o b\u00e9 seleccionar aquelles que la instal\u00b7laci\u00f3 admet i les que no, seguint un dels procediments seg\u00fcents, que dep\u00e8n del navegador que utilitzeu:<\/span> <b>Google Chrome<\/b> <span style=\"font-weight: 400;\">(en el Men\u00fa Eines):<\/span> <span style=\"font-weight: 400;\">Configuraci\u00f3<\/span>&gt; <span style=\"font-weight: 400;\">Mostrar opcions avan\u00e7ades<\/span>&gt; <span style=\"font-weight: 400;\">Privadesa (Configuraci\u00f3 de contingut)<\/span>&gt; <span style=\"font-weight: 400;\">Cookies:<\/span> <span style=\"font-weight: 400;\">https:\/\/support.google.com\/chrome\/answer\/95647?co=GENIE.Platform%3DDesktop&amp;hl=ca<\/span> <b>Microsoft Edge<\/b> <span style=\"font-weight: 400;\">(al Men\u00fa Configuraci\u00f3):<\/span> <span style=\"font-weight: 400;\">Configuraci\u00f3<\/span>&gt; <span style=\"font-weight: 400;\">Cookies i permisos del lloc:<\/span>\n\n\n\n<a href=\"about:blank\"><span style=\"font-weight: 400;\">edge:\/\/settings\/content\/cookies<\/span><\/a> <b>Firefox:<\/b> <span style=\"font-weight: 400;\">Opcions<\/span>&gt; <span style=\"font-weight: 400;\">Privadesa<\/span>&gt; <span style=\"font-weight: 400;\">Cookies:<\/span> <span style=\"font-weight: 400;\">https:\/\/support.mozilla.org\/es\/kb\/habilitar-y-deshabilitar-cookies-sitios-web-rastrear-prefer\u00e8ncies<\/span> <b>Safari, iPad i iPhone:<\/b> <span style=\"font-weight: 400;\">Prefer\u00e8ncies<\/span>&gt; <span style=\"font-weight: 400;\">Privadesa<\/span>\n\n\n\n<span style=\"font-weight: 400;\">https:\/\/support.apple.com\/kb\/ph21411?locale=ca_ES<\/span> <b>Opera:<\/b> <span style=\"font-weight: 400;\">Configuraci\u00f3<\/span>&gt; <span style=\"font-weight: 400;\">Opcions<\/span>&gt; <span style=\"font-weight: 400;\">Avan\u00e7ada<\/span>&gt; <span style=\"font-weight: 400;\">Cookies<\/span>\n\n<span style=\"font-weight: 400;\">http:\/\/help.opera.com\/Windows\/12.00\/es-ES\/cookies.html<\/span>\n\n<span style=\"font-weight: 400;\">Aquests navegadors estan sotmesos a canvis o modificacions, per la qual cosa no podem garantir que s&#8217;ajustin completament a la versi\u00f3 del vostre navegador. Tamb\u00e9 pot ser que utilitzeu un altre navegador no contemplat en aquests enlla\u00e7os com Konqueror, Arora, Flock, etc. Per evitar aquests desajustaments, podeu accedir directament des de les opcions del vostre navegador, generalment al men\u00fa de &#8220;Opcions&#8221; a la secci\u00f3 de &#8220;Privadesa&#8221;. (Si us plau, consulteu l&#8217;ajuda del vostre navegador per a m\u00e9s informaci\u00f3).   <\/span>\n\n<b>CANVIS A LA PRESENT POL\u00cdTICA DE COOKIES<\/b> <b>Miriam Pag\u00e8s Aceituno<\/b> <span style=\"font-weight: 400;\">es reserva el dret a modificar aquesta pol\u00edtica per adaptar-la a novetats legislatives o jurisprudencials.<\/span> <b>DESACTIVACI\u00d3 \/ ACTIVACI\u00d3 I ELIMINACI\u00d3 DE COOKIES<\/b> <span style=\"font-weight: 400;\">Per restringir o bloquejar les galetes, es fa a trav\u00e9s de la configuraci\u00f3 del navegador.<\/span>\n\n<span style=\"font-weight: 400;\">Si no voleu que els llocs web posin cap galeta al vostre equip, podeu adaptar la configuraci\u00f3 del navegador de manera que se us notifiqui abans que es col\u00b7loqui cap galeta. De la mateixa manera, podeu adaptar la configuraci\u00f3 de manera que el navegador rebutgi totes les galetes, o \u00fanicament les galetes de tercers. Tamb\u00e9 podeu eliminar qualsevol de les galetes que ja es trobin a l&#8217;equip. Recordeu que haureu d&#8217;adaptar per separat la configuraci\u00f3 de cada navegador i equip que utilitzeu.   <\/span>\n\n<span style=\"font-weight: 400;\">Recordeu que si no voleu rebre cookies, ja no podrem garantir que el nostre lloc web funcioni com cal. Potser algunes funcions del lloc es perden i \u00e9s possible que ja no pugueu veure certs llocs web. A m\u00e9s, rebutjar les galetes no significa que ja no vegeu anuncis publicitaris. Simplement els anuncis no s&#8217;ajustaran als vostres interessos i es repetiran amb m\u00e9s freq\u00fc\u00e8ncia.   <\/span>\n\n<span style=\"font-weight: 400;\">Cada navegador t\u00e9 un m\u00e8tode diferent per adaptar-ne la configuraci\u00f3. Si cal, consulteu la funci\u00f3 d&#8217;ajuda del navegador per establir la configuraci\u00f3 correcta. <\/span>\n\n<span style=\"font-weight: 400;\">Per desactivar les galetes al tel\u00e8fon m\u00f2bil, consulteu el manual del dispositiu per obtenir m\u00e9s informaci\u00f3.<\/span> <span style=\"font-weight: 400;\">Podeu obtenir m\u00e9s informaci\u00f3 sobre les galetes a Internet,<\/span> <a href=\"http:\/\/www.aboutcookies.org\/\" target=\"_blank\" rel=\"noopener\"><span style=\"font-weight: 400;\">http:\/\/www.aboutcookies.org\/<\/span><\/a> <span style=\"font-weight: 400;\">.<\/span>\n\n<span style=\"font-weight: 400;\">Tenint en compte la manera com funciona Internet i els llocs web, no sempre comptem amb informaci\u00f3 de les cookies que col\u00b7loquen terceres parts a trav\u00e9s del nostre lloc web. Aix\u00f2 s&#8217;aplica especialment a casos en qu\u00e8 la p\u00e0gina web cont\u00e9 all\u00f2 que s&#8217;anomenen elements integrats: textos, documents, imatges o breus pel\u00b7l\u00edcules que s&#8217;emmagatzemen en una altra part, per\u00f2 es mostren al nostre lloc web o mitjan\u00e7ant aquest. <\/span>\n\n<span style=\"font-weight: 400;\">Per tant, en cas que es trobi amb aquest tipus de cookies en aquest lloc web i no estiguin enumerades a la llista anterior, us preguem que ens ho comuniqueu. O b\u00e9 poseu-vos en contacte directament amb el tercer per demanar-li informaci\u00f3 sobre les cookies que col\u00b7loca, la finalitat i la durada de la galeta, i com ha garantit la seva privadesa. <\/span>\n\n<b>INFORMACI\u00d3 RELACIONADA AMB EL TRACTAMENT DE DADES PERSONALS (ART.13 RGPD) <\/b>\n\n<b>Qui \u00e9s el responsable del tractament de les vostres dades personals?<\/b>\n\n<b>Miriam Pag\u00e8s Oli<\/b><span style=\"font-weight: 400;\">  \u00e9s el responsable del tractament de les dades personals que vost\u00e8 ens proporciona, situat a Ronda President Maci\u00e0, 84, 08302, Matar\u00f3, Barcelona i amb CIF 38846191L. Tel\u00e8fon 691741945 i mail de contacte info@petalsfloristes.com.   <\/span>\n\n<b>Per qu\u00e8 utilitzem les vostres dades personals?<\/b>\n\n<span style=\"font-weight: 400;\">La informaci\u00f3 recopilada a trav\u00e9s de les cookies pr\u00f2pies (cookies de sessi\u00f3 i d&#8217;entrada d&#8217;usuari) se solen utilitzar per rastrejar les accions de l&#8217;usuari en omplir els formularis en l\u00ednia a diverses p\u00e0gines, o com a cistella de la compra per fer el seguiment dels articles que lusuari ha seleccionat en pr\u00e9mer un bot\u00f3, o per personalitzar la interf\u00edcie de lusuari en visitar la p\u00e0gina web.<\/span>\n\n<span style=\"font-weight: 400;\">La informaci\u00f3 recopilada a trav\u00e9s de les galetes de tercers \u00e9s la seg\u00fcent:  <\/span>\n<ul>\n \t<li style=\"font-weight: 400;\" aria-level=\"1\"><span style=\"font-weight: 400;\">A trav\u00e9s de les galetes anal\u00edtiques s&#8217;analitzen els seus h\u00e0bits de navegaci\u00f3 per millorar els serveis prestats;  <\/span><\/li>\n \t<li style=\"font-weight: 400;\" aria-level=\"1\"><span style=\"font-weight: 400;\">A trav\u00e9s de les galetes comportamentals es recull informaci\u00f3 sobre les prefer\u00e8ncies de l&#8217;usuari per gestionar els espais publicitaris de la manera m\u00e9s efica\u00e7 possible;  <\/span><\/li>\n \t<li style=\"font-weight: 400;\" aria-level=\"1\"><span style=\"font-weight: 400;\">A trav\u00e9s de les galetes publicit\u00e0ries es mesura el rendiment dels anuncis i es proporcionen recomanacions relatives a productes basades en dades estad\u00edstiques.<\/span><\/li>\n<\/ul>\n<span style=\"font-weight: 400;\">Per veure exactament l&#8217;\u00fas de les galetes vegeu el quadre sobre l&#8217;\u00fas de les galetes en aquesta web.<\/span>\n\n<b>Quina \u00e9s la base legal per al tractament de les vostres dades personals?<\/b>\n\n<span style=\"font-weight: 400;\">La legitimaci\u00f3 per al tractament de les vostres dades personals ve donada pel seu consentiment, atorgat en el moment de posar-se en contacte amb nosaltres, per a la utilitzaci\u00f3 de cookies anal\u00edtiques, comportamentals i publicit\u00e0ries; per a les cookies de sessi\u00f3 o personalitzaci\u00f3, la legitimaci\u00f3 per al tractament ve donada per l&#8217;inter\u00e8s leg\u00edtim del prestador (responsable del tractament).<\/span>\n\n<b>A qui comuniquem les vostres dades?<\/b>\n\n<span style=\"font-weight: 400;\">No cedir\u00e0 ni comunicar\u00e0 dades a tercers, excepte per obligaci\u00f3 legal o als tercers indicats en cas d&#8217;\u00fas de cookies gestionades per aquests.  <\/span>\n\n<b>Quin \u00e9s el termini de conservaci\u00f3 de les vostres dades?<\/b>\n\n<span style=\"font-weight: 400;\">El termini de conservaci\u00f3 de les dades recollides \u00e9s l&#8217;indicat al quadre sobre l&#8217;\u00fas de les galetes en aquesta web.<\/span>\n\n<b>Quins s\u00f3n els vostres drets?<\/b>\n\n<span style=\"font-weight: 400;\">Els drets que emparen l&#8217;usuari s\u00f3n els d&#8217;acc\u00e9s, rectificaci\u00f3, supressi\u00f3, portabilitat, retirada del consentiment (sense que aix\u00f2 afecti la licitud del tractament atorgat pr\u00e8viament a la seva retirada), oposici\u00f3 al tractament, limitaci\u00f3 (en determinades circumst\u00e0ncies) ia presentar una reclamaci\u00f3 davant l&#8217;autoritat de control (l&#8217;Ag\u00e8ncia Espanyola de protecci\u00f3 de dades,  <\/span><a href=\"http:\/\/www.aepd.es\" target=\"_blank\" rel=\"noopener\"><span style=\"font-weight: 400;\">www.aepd.es<\/span><\/a><span style=\"font-weight: 400;\">).  <\/span>\t\t\t\t\t\t\t\t<\/div>\n\t\t\t\t<\/div>\n\t\t\t\t\t<\/div>\n\t\t\t\t<\/div>\n\t\t\t\t<\/div>\n\t\t","protected":false},"excerpt":{"rendered":"<p>INTRODUCCI\u00d3 La web de Miriam Pag\u00e8s Oli utilitza cookies pr\u00f2pies i de tercers. Una galeta \u00e9s un fitxer que es descarrega al vostre ordinador en accedir a determinades p\u00e0gines web. Les cookies permeten a una p\u00e0gina web, entre altres finalitats, assegurar el funcionament correcte de la p\u00e0gina, permetre a l&#8217;Usuari un acc\u00e9s m\u00e9s r\u00e0pid als [&hellip;]<\/p>\n","protected":false},"author":1,"featured_media":0,"parent":0,"menu_order":50,"comment_status":"closed","ping_status":"closed","template":"","meta":{"_joinchat":[],"footnotes":""},"class_list":["post-566","page","type-page","status-publish","hentry"],"_links":{"self":[{"href":"https:\/\/petalsfloristes.com\/ca\/wp-json\/wp\/v2\/pages\/566","targetHints":{"allow":["GET"]}}],"collection":[{"href":"https:\/\/petalsfloristes.com\/ca\/wp-json\/wp\/v2\/pages"}],"about":[{"href":"https:\/\/petalsfloristes.com\/ca\/wp-json\/wp\/v2\/types\/page"}],"author":[{"embeddable":true,"href":"https:\/\/petalsfloristes.com\/ca\/wp-json\/wp\/v2\/users\/1"}],"replies":[{"embeddable":true,"href":"https:\/\/petalsfloristes.com\/ca\/wp-json\/wp\/v2\/comments?post=566"}],"version-history":[{"count":1,"href":"https:\/\/petalsfloristes.com\/ca\/wp-json\/wp\/v2\/pages\/566\/revisions"}],"predecessor-version":[{"id":567,"href":"https:\/\/petalsfloristes.com\/ca\/wp-json\/wp\/v2\/pages\/566\/revisions\/567"}],"wp:attachment":[{"href":"https:\/\/petalsfloristes.com\/ca\/wp-json\/wp\/v2\/media?parent=566"}],"curies":[{"name":"wp","href":"https:\/\/api.w.org\/{rel}","templated":true}]}}